{"id":94,"date":"2021-04-02T13:50:32","date_gmt":"2021-04-02T11:50:32","guid":{"rendered":"https:\/\/www.diephaven.org\/?page_id=94"},"modified":"2022-10-03T14:23:46","modified_gmt":"2022-10-03T12:23:46","slug":"festival-diephaven-2014","status":"publish","type":"page","link":"https:\/\/www.impatiences.org\/en\/archives\/festival-diephaven-2014","title":{"rendered":"Festival diep~haven 2014"},"content":{"rendered":"[vc_row type=&#8221;in_container&#8221; full_screen_row_position=&#8221;middle&#8221; column_margin=&#8221;default&#8221; column_direction=&#8221;default&#8221; column_direction_tablet=&#8221;default&#8221; column_direction_phone=&#8221;default&#8221; scene_position=&#8221;center&#8221; text_color=&#8221;dark&#8221; text_align=&#8221;left&#8221; row_border_radius=&#8221;none&#8221; row_border_radius_applies=&#8221;bg&#8221; overflow=&#8221;visible&#8221; overlay_strength=&#8221;0.3&#8243; gradient_direction=&#8221;left_to_right&#8221; shape_divider_position=&#8221;bottom&#8221; bg_image_animation=&#8221;none&#8221;][vc_column column_padding=&#8221;no-extra-padding&#8221; column_padding_tablet=&#8221;inherit&#8221; column_padding_phone=&#8221;inherit&#8221; column_padding_position=&#8221;all&#8221; column_element_direction_desktop=&#8221;default&#8221; column_element_spacing=&#8221;default&#8221; desktop_text_alignment=&#8221;default&#8221; tablet_text_alignment=&#8221;default&#8221; phone_text_alignment=&#8221;default&#8221; background_color_opacity=&#8221;1&#8243; background_hover_color_opacity=&#8221;1&#8243; column_backdrop_filter=&#8221;none&#8221; column_shadow=&#8221;none&#8221; column_border_radius=&#8221;none&#8221; column_link_target=&#8221;_self&#8221; column_position=&#8221;default&#8221; gradient_direction=&#8221;left_to_right&#8221; overlay_strength=&#8221;0.3&#8243; width=&#8221;1\/1&#8243; tablet_width_inherit=&#8221;default&#8221; animation_type=&#8221;default&#8221; bg_image_animation=&#8221;none&#8221; border_type=&#8221;simple&#8221; column_border_width=&#8221;none&#8221; column_border_style=&#8221;solid&#8221;][nectar_global_section id=&#8221;739&#8243;][\/vc_column][\/vc_row][vc_row type=&#8221;in_container&#8221; full_screen_row_position=&#8221;middle&#8221; column_margin=&#8221;default&#8221; column_direction=&#8221;default&#8221; column_direction_tablet=&#8221;default&#8221; column_direction_phone=&#8221;default&#8221; scene_position=&#8221;center&#8221; text_color=&#8221;dark&#8221; text_align=&#8221;left&#8221; row_border_radius=&#8221;none&#8221; row_border_radius_applies=&#8221;bg&#8221; overflow=&#8221;visible&#8221; overlay_strength=&#8221;0.3&#8243; gradient_direction=&#8221;left_to_right&#8221; shape_divider_position=&#8221;bottom&#8221; bg_image_animation=&#8221;none&#8221;][vc_column column_padding=&#8221;no-extra-padding&#8221; column_padding_tablet=&#8221;inherit&#8221; column_padding_phone=&#8221;inherit&#8221; column_padding_position=&#8221;all&#8221; column_element_direction_desktop=&#8221;default&#8221; column_element_spacing=&#8221;default&#8221; desktop_text_alignment=&#8221;default&#8221; tablet_text_alignment=&#8221;default&#8221; phone_text_alignment=&#8221;default&#8221; background_color_opacity=&#8221;1&#8243; background_hover_color_opacity=&#8221;1&#8243; column_backdrop_filter=&#8221;none&#8221; column_shadow=&#8221;none&#8221; column_border_radius=&#8221;none&#8221; column_link_target=&#8221;_self&#8221; column_position=&#8221;default&#8221; gradient_direction=&#8221;left_to_right&#8221; overlay_strength=&#8221;0.3&#8243; width=&#8221;1\/1&#8243; tablet_width_inherit=&#8221;default&#8221; animation_type=&#8221;default&#8221; bg_image_animation=&#8221;none&#8221; border_type=&#8221;simple&#8221; column_border_width=&#8221;none&#8221; column_border_style=&#8221;solid&#8221;][vc_column_text]\n<h3>diep<em>~<\/em>haven\/ festival transmanche \u2014 entre deux\u00a0<em>in between<\/em>, 2014<\/h3>\n<p>&nbsp;<\/p>\n<div class=\"_df_book df-lite\" id=\"df_95\"  _slug=\"diephaven-2014\" data-title=\"diephaven-2014\" wpoptions=\"true\" thumb=\"http:\/\/www.impatiences.org\/wp-content\/uploads\/2021\/04\/diep_inbetween2014.jpeg\" thumbtype=\"\" ><\/div><script class=\"df-shortcode-script\" nowprocket type=\"application\/javascript\">window.option_df_95 = {\"outline\":[],\"backgroundColor\":\"transparent\",\"autoEnableOutline\":\"false\",\"autoEnableThumbnail\":\"false\",\"overwritePDFOutline\":\"false\",\"direction\":\"1\",\"pageSize\":\"0\",\"source\":\"http:\\\/\\\/www.impatiences.org\\\/wp-content\\\/uploads\\\/2021\\\/04\\\/2014_diephaven_entredeux.pdf\",\"wpOptions\":\"true\"}; if(window.DFLIP && window.DFLIP.parseBooks){window.DFLIP.parseBooks();}<\/script>\n<p><img loading=\"lazy\" decoding=\"async\" class=\"aligncenter size-full wp-image-97\" src=\"https:\/\/www.diephaven.org\/wp-content\/uploads\/2021\/04\/diep_inbetween2014.jpeg\" alt=\"\" width=\"450\" height=\"316\" srcset=\"https:\/\/www.impatiences.org\/wp-content\/uploads\/2021\/04\/diep_inbetween2014.jpeg 450w, https:\/\/www.impatiences.org\/wp-content\/uploads\/2021\/04\/diep_inbetween2014-300x211.jpeg 300w\" sizes=\"auto, (max-width: 450px) 100vw, 450px\" \/><\/p>\n<div class=\"global\">\n<p class=\"texte_courant\">Commissaires : Sarah Michel, Alice Sch\u00ffler Mallet, Am\u00e9lie Mourgue d\u2019Algue<br \/>\nAvec :<br \/>\nTravers\u00e9e 13\/07 : Jan Krejcik, Hugo Capela, M Rojas&amp; G Major, Joan Ayrton &amp;Norman Yamada, Shrouded and the diner, Alexis Guillier, DJ ste Marion Guillier,<br \/>\nTravers\u00e9e 19\/08: Chooc Ly Tan, Nastja S\u00e4de R\u00f6nkk\u00f6, Emma Smith, Emma Shercliff, SPV Ltd, the Guest House story teller<\/p>\n<p>2014, une ann\u00e9e pour exp\u00e9rimenter, se transformer et se m\u00e9tisser. Le territoire dieppois o\u00f9 s\u2019est implant\u00e9 le festival depuis 2010, c\u2019est aussi le d\u00e9part d\u2019une ligne de ferry qui relie deux cultures.<\/p>\n<p>Entre-deux<br \/>\nUn fil d\u2019Ariane \u00e0 saisir pour d\u00e9velopper de nouveaux \u00e9changes, initier un mouvement et de nouveaux questionnements. Une situation qui am\u00e8ne \u00e0 penser \u00e0 la relation \u00e0 l\u2019Ailleurs, \u00e0 commencer par cet entre-deux qu\u2019est la Manche, qui s\u00e9pare et qui relie. Cet espace se traverse en ferry pour explorer le temps du voyage et du paysage.<\/p>\n<p>C\u2019est sur ce bateau que le nouveau festival \u201cdiep<em>~<\/em>haven\u201d prendra cette ann\u00e9e ces quartiers d\u2019\u00e9t\u00e9. Une exposition embarqu\u00e9e entre deux temps forts de travers\u00e9es artistiques et festives avec un programme de performances, concerts, projections et autres r\u00e9cr\u00e9ations\u2026 Autant de propositions pour profiter du temps vol\u00e9 de la travers\u00e9e et de l\u2019imaginaire de la croisi\u00e8re. En parall\u00e8le des artistes sont invit\u00e9s \u00e0 venir explorer ce territoire \u00e9largi \u2013 Dieppe, Newhaven et le ferry transmanche \u2013, \u00e0 le (r\u00e9)inventer pour renouveler les regards. Des r\u00e9sidences qui s\u2019inscrivent localement par des interactions avec le territoire et ses habitants. Pour les artistes, ces r\u00e9sidences seront un espace-temps de recherche dont l\u2019aboutissement sera pr\u00e9sent\u00e9 au public en 2015, dans le cadre d\u2019un parcours d\u2019expositions et d\u2019\u00e9v\u00e8nements autour du th\u00e8me Nouveau Monde\u2026<\/p>\n<p><em>This summer, diep festival will change into diep~haven festival\u2026<br \/>\nFinding a new territory: after four editions held in the Dieppe area, in 2014 the festival crosses the Channel to explore Newhaven, its twin city. Finding a new rhythm: over the span of two years, diep~haven festival will take its time to experiment, engage into artistic research and explore new places.<\/em><\/p>\n<p>In Between (2014)<br \/>\nThis year will be a year for experimentation, change, and the intertwining of cultures. The Dieppe area is more than just the place where the festival has been held since 2010: it is also located on the outward route of the ferry line that connects two cultures. We will embrace this opportunity for exchange and initiate a set of movements and to raise new questions. Through this exploration, we will rethink our relationship with what is elsewhere and faraway, beginning with the \u201cin-between\u201d space that is the Channel, which both connects and divides the two facing coasts, and which we will be crossing by ferry in order to experience the time, space and landscape of the journey.<\/div>\n[\/vc_column_text][\/vc_column][\/vc_row]","protected":false},"excerpt":{"rendered":"<p>[vc_row type=&#8221;in_container&#8221; full_screen_row_position=&#8221;middle&#8221; column_margin=&#8221;default&#8221; column_direction=&#8221;default&#8221; column_direction_tablet=&#8221;default&#8221; column_direction_phone=&#8221;default&#8221; scene_position=&#8221;center&#8221; text_color=&#8221;dark&#8221; text_align=&#8221;left&#8221; row_border_radius=&#8221;none&#8221; row_border_radius_applies=&#8221;bg&#8221; overflow=&#8221;visible&#8221; overlay_strength=&#8221;0.3&#8243; gradient_direction=&#8221;left_to_right&#8221; shape_divider_position=&#8221;bottom&#8221; bg_image_animation=&#8221;none&#8221;][vc_column column_padding=&#8221;no-extra-padding&#8221;&#8230;<\/p>\n","protected":false},"author":1,"featured_media":97,"parent":25,"menu_order":0,"comment_status":"closed","ping_status":"closed","template":"page_pad.php","meta":{"footnotes":""},"categories":[],"tags":[6],"class_list":{"0":"post-94","1":"page","2":"type-page","3":"status-publish","4":"has-post-thumbnail","6":"tag-archives"},"aioseo_notices":[],"_links":{"self":[{"href":"https:\/\/www.impatiences.org\/en\/wp-json\/wp\/v2\/pages\/94","targetHints":{"allow":["GET"]}}],"collection":[{"href":"https:\/\/www.impatiences.org\/en\/wp-json\/wp\/v2\/pages"}],"about":[{"href":"https:\/\/www.impatiences.org\/en\/wp-json\/wp\/v2\/types\/page"}],"author":[{"embeddable":true,"href":"https:\/\/www.impatiences.org\/en\/wp-json\/wp\/v2\/users\/1"}],"replies":[{"embeddable":true,"href":"https:\/\/www.impatiences.org\/en\/wp-json\/wp\/v2\/comments?post=94"}],"version-history":[{"count":0,"href":"https:\/\/www.impatiences.org\/en\/wp-json\/wp\/v2\/pages\/94\/revisions"}],"up":[{"embeddable":true,"href":"https:\/\/www.impatiences.org\/en\/wp-json\/wp\/v2\/pages\/25"}],"wp:featuredmedia":[{"embeddable":true,"href":"https:\/\/www.impatiences.org\/en\/wp-json\/wp\/v2\/media\/97"}],"wp:attachment":[{"href":"https:\/\/www.impatiences.org\/en\/wp-json\/wp\/v2\/media?parent=94"}],"wp:term":[{"taxonomy":"category","embeddable":true,"href":"https:\/\/www.impatiences.org\/en\/wp-json\/wp\/v2\/categories?post=94"},{"taxonomy":"post_tag","embeddable":true,"href":"https:\/\/www.impatiences.org\/en\/wp-json\/wp\/v2\/tags?post=94"}],"curies":[{"name":"wp","href":"https:\/\/api.w.org\/{rel}","templated":true}]}}