{"id":88,"date":"2021-04-03T13:46:43","date_gmt":"2021-04-03T11:46:43","guid":{"rendered":"https:\/\/www.diephaven.org\/?page_id=88"},"modified":"2022-10-03T14:16:34","modified_gmt":"2022-10-03T12:16:34","slug":"festival-diephaven-2015","status":"publish","type":"page","link":"https:\/\/www.impatiences.org\/en\/archives\/festival-diephaven-2015","title":{"rendered":"Festival diep~haven 2015"},"content":{"rendered":"[vc_row type=&#8221;in_container&#8221; full_screen_row_position=&#8221;middle&#8221; column_margin=&#8221;default&#8221; column_direction=&#8221;default&#8221; column_direction_tablet=&#8221;default&#8221; column_direction_phone=&#8221;default&#8221; scene_position=&#8221;center&#8221; text_color=&#8221;dark&#8221; text_align=&#8221;left&#8221; row_border_radius=&#8221;none&#8221; row_border_radius_applies=&#8221;bg&#8221; overflow=&#8221;visible&#8221; overlay_strength=&#8221;0.3&#8243; gradient_direction=&#8221;left_to_right&#8221; shape_divider_position=&#8221;bottom&#8221; bg_image_animation=&#8221;none&#8221;][vc_column column_padding=&#8221;no-extra-padding&#8221; column_padding_tablet=&#8221;inherit&#8221; column_padding_phone=&#8221;inherit&#8221; column_padding_position=&#8221;all&#8221; column_element_direction_desktop=&#8221;default&#8221; column_element_spacing=&#8221;default&#8221; desktop_text_alignment=&#8221;default&#8221; tablet_text_alignment=&#8221;default&#8221; phone_text_alignment=&#8221;default&#8221; background_color_opacity=&#8221;1&#8243; background_hover_color_opacity=&#8221;1&#8243; column_backdrop_filter=&#8221;none&#8221; column_shadow=&#8221;none&#8221; column_border_radius=&#8221;none&#8221; column_link_target=&#8221;_self&#8221; column_position=&#8221;default&#8221; gradient_direction=&#8221;left_to_right&#8221; overlay_strength=&#8221;0.3&#8243; width=&#8221;1\/1&#8243; tablet_width_inherit=&#8221;default&#8221; animation_type=&#8221;default&#8221; bg_image_animation=&#8221;none&#8221; border_type=&#8221;simple&#8221; column_border_width=&#8221;none&#8221; column_border_style=&#8221;solid&#8221;][nectar_global_section id=&#8221;739&#8243;][\/vc_column][\/vc_row][vc_row type=&#8221;in_container&#8221; full_screen_row_position=&#8221;middle&#8221; column_margin=&#8221;default&#8221; column_direction=&#8221;default&#8221; column_direction_tablet=&#8221;default&#8221; column_direction_phone=&#8221;default&#8221; scene_position=&#8221;center&#8221; text_color=&#8221;dark&#8221; text_align=&#8221;left&#8221; row_border_radius=&#8221;none&#8221; row_border_radius_applies=&#8221;bg&#8221; overflow=&#8221;visible&#8221; overlay_strength=&#8221;0.3&#8243; gradient_direction=&#8221;left_to_right&#8221; shape_divider_position=&#8221;bottom&#8221; bg_image_animation=&#8221;none&#8221;][vc_column column_padding=&#8221;no-extra-padding&#8221; column_padding_tablet=&#8221;inherit&#8221; column_padding_phone=&#8221;inherit&#8221; column_padding_position=&#8221;all&#8221; column_element_direction_desktop=&#8221;default&#8221; column_element_spacing=&#8221;default&#8221; desktop_text_alignment=&#8221;default&#8221; tablet_text_alignment=&#8221;default&#8221; phone_text_alignment=&#8221;default&#8221; background_color_opacity=&#8221;1&#8243; background_hover_color_opacity=&#8221;1&#8243; column_backdrop_filter=&#8221;none&#8221; column_shadow=&#8221;none&#8221; column_border_radius=&#8221;none&#8221; column_link_target=&#8221;_self&#8221; column_position=&#8221;default&#8221; gradient_direction=&#8221;left_to_right&#8221; overlay_strength=&#8221;0.3&#8243; width=&#8221;1\/1&#8243; tablet_width_inherit=&#8221;default&#8221; animation_type=&#8221;default&#8221; bg_image_animation=&#8221;none&#8221; border_type=&#8221;simple&#8221; column_border_width=&#8221;none&#8221; column_border_style=&#8221;solid&#8221;][vc_column_text]\n<h2>diep<em>~<\/em>haven\/ festival transmanche\u00a0<em>\u2014 nouveau monde new world<\/em>, 2015<\/h2>\n<div class=\"_df_book df-lite\" id=\"df_89\"  _slug=\"diephaven-2015\" data-title=\"diephaven-2015\" wpoptions=\"true\" thumb=\"http:\/\/www.impatiences.org\/wp-content\/uploads\/2021\/04\/00_diep_haven_2015.jpeg\" thumbtype=\"\" ><\/div><script class=\"df-shortcode-script\" nowprocket type=\"application\/javascript\">window.option_df_89 = {\"outline\":[],\"backgroundColor\":\"transparent\",\"autoEnableOutline\":\"false\",\"autoEnableThumbnail\":\"false\",\"overwritePDFOutline\":\"false\",\"direction\":\"1\",\"pageSize\":\"0\",\"source\":\"http:\\\/\\\/www.impatiences.org\\\/wp-content\\\/uploads\\\/2021\\\/04\\\/2015_diep_haven_nouveaumonde.pdf\",\"wpOptions\":\"true\"}; if(window.DFLIP && window.DFLIP.parseBooks){window.DFLIP.parseBooks();}<\/script>\n<p><img loading=\"lazy\" decoding=\"async\" class=\"aligncenter size-full wp-image-91\" src=\"https:\/\/www.diephaven.org\/wp-content\/uploads\/2021\/04\/00_diep_haven_2015.jpeg\" alt=\"\" width=\"316\" height=\"450\" srcset=\"https:\/\/www.impatiences.org\/wp-content\/uploads\/2021\/04\/00_diep_haven_2015.jpeg 316w, https:\/\/www.impatiences.org\/wp-content\/uploads\/2021\/04\/00_diep_haven_2015-211x300.jpeg 211w\" sizes=\"auto, (max-width: 316px) 100vw, 316px\" \/><\/p>\n<p class=\"texte_courant\"><span class=\"texte_courant_Italique\">Distant Fictions<\/span><br \/>\nJerwood Gallery, Hastings<br \/>\nDavid de Beyter, Sissu Tarka, Ana\u00efs Tondeur<\/p>\n<p>L\u2019exposition Distant Fictions est le pr\u00e9lude du festival diep~haven qui consiste en un parcours d\u2019expositions et d\u2019\u00e9v\u00e8nements pendant l\u2019\u00e9t\u00e9, en Normandie et dans l\u2019East Sussex. La volont\u00e9 de d\u00e9velopper une large r\u00e9flexion sur l\u2019actualit\u00e9 du concept de Nouveau Monde prend son origine chez les explorateurs du 16\u00e8me si\u00e8cle qui quitt\u00e8rent l\u2019Europe, depuis, entre autres, le port de Dieppe, \u00e0 la recherche de territoires inconnus qu\u2019ils imaginaient \u00eatre le paradis sur terre\u2026 Aujourd\u2019hui, alors que le monde entier est connu de l\u2019homme, il y a toujours des \u00ab Ailleurs \u00bb qui gardent leur myst\u00e8re.<br \/>\nDans les trois projets pr\u00e9sent\u00e9s, il est question de lieux insaisissables, de territoires inhabit\u00e9s qui pourraient s\u2019ajouter \u00e0 la liste des h\u00e9t\u00e9rotopies dress\u00e9e par Foucault : miroirs invers\u00e9s aux fronti\u00e8res de notre monde connu, ce sont de fantastiques terrains pour l\u2019imagination et pour penser le monde. Ici les artistes nous donnent quelques pistes pour r\u00eaver au loin : d\u2019\u00e9tranges architectures au milieu de nulle part semblent comme venues du futur (David de Beyter) ; une \u00eele qui dispara\u00eet devient le sujet d\u2019une recherche po\u00e9tique (Ana\u00efs Tondeur) ; une autre qui vient d\u2019appara\u00eetre pourrait \u00eatre le d\u00e9cor d\u2019un film myst\u00e9rieux (Sissu Tarka). Ces trois \u0153uvres explorent la distance entre la r\u00e9alit\u00e9, le repr\u00e9sent\u00e9 et l\u2019imagin\u00e9 (en laissant ouvert le champ des possibles ?) sans donner de r\u00e9ponse\u2026<\/p>\n<div class=\"global\"><\/div>\n[\/vc_column_text][\/vc_column][\/vc_row]\n","protected":false},"excerpt":{"rendered":"<p>[vc_row type=&#8221;in_container&#8221; full_screen_row_position=&#8221;middle&#8221; column_margin=&#8221;default&#8221; column_direction=&#8221;default&#8221; column_direction_tablet=&#8221;default&#8221; column_direction_phone=&#8221;default&#8221; scene_position=&#8221;center&#8221; text_color=&#8221;dark&#8221; text_align=&#8221;left&#8221; row_border_radius=&#8221;none&#8221; row_border_radius_applies=&#8221;bg&#8221; overflow=&#8221;visible&#8221; overlay_strength=&#8221;0.3&#8243; gradient_direction=&#8221;left_to_right&#8221; shape_divider_position=&#8221;bottom&#8221; bg_image_animation=&#8221;none&#8221;][vc_column column_padding=&#8221;no-extra-padding&#8221;&#8230;<\/p>\n","protected":false},"author":1,"featured_media":91,"parent":25,"menu_order":0,"comment_status":"closed","ping_status":"closed","template":"page_pad.php","meta":{"footnotes":""},"categories":[],"tags":[6],"class_list":{"0":"post-88","1":"page","2":"type-page","3":"status-publish","4":"has-post-thumbnail","6":"tag-archives"},"aioseo_notices":[],"_links":{"self":[{"href":"https:\/\/www.impatiences.org\/en\/wp-json\/wp\/v2\/pages\/88","targetHints":{"allow":["GET"]}}],"collection":[{"href":"https:\/\/www.impatiences.org\/en\/wp-json\/wp\/v2\/pages"}],"about":[{"href":"https:\/\/www.impatiences.org\/en\/wp-json\/wp\/v2\/types\/page"}],"author":[{"embeddable":true,"href":"https:\/\/www.impatiences.org\/en\/wp-json\/wp\/v2\/users\/1"}],"replies":[{"embeddable":true,"href":"https:\/\/www.impatiences.org\/en\/wp-json\/wp\/v2\/comments?post=88"}],"version-history":[{"count":0,"href":"https:\/\/www.impatiences.org\/en\/wp-json\/wp\/v2\/pages\/88\/revisions"}],"up":[{"embeddable":true,"href":"https:\/\/www.impatiences.org\/en\/wp-json\/wp\/v2\/pages\/25"}],"wp:featuredmedia":[{"embeddable":true,"href":"https:\/\/www.impatiences.org\/en\/wp-json\/wp\/v2\/media\/91"}],"wp:attachment":[{"href":"https:\/\/www.impatiences.org\/en\/wp-json\/wp\/v2\/media?parent=88"}],"wp:term":[{"taxonomy":"category","embeddable":true,"href":"https:\/\/www.impatiences.org\/en\/wp-json\/wp\/v2\/categories?post=88"},{"taxonomy":"post_tag","embeddable":true,"href":"https:\/\/www.impatiences.org\/en\/wp-json\/wp\/v2\/tags?post=88"}],"curies":[{"name":"wp","href":"https:\/\/api.w.org\/{rel}","templated":true}]}}