{"id":83,"date":"2021-04-10T13:41:03","date_gmt":"2021-04-10T11:41:03","guid":{"rendered":"https:\/\/www.diephaven.org\/?page_id=83"},"modified":"2022-10-03T14:14:38","modified_gmt":"2022-10-03T12:14:38","slug":"festival-diephaven-2016","status":"publish","type":"page","link":"https:\/\/www.impatiences.org\/en\/archives\/festival-diephaven-2016","title":{"rendered":"Festival diep~haven 2016"},"content":{"rendered":"[vc_row type=&#8221;in_container&#8221; full_screen_row_position=&#8221;middle&#8221; column_margin=&#8221;default&#8221; column_direction=&#8221;default&#8221; column_direction_tablet=&#8221;default&#8221; column_direction_phone=&#8221;default&#8221; scene_position=&#8221;center&#8221; text_color=&#8221;dark&#8221; text_align=&#8221;left&#8221; row_border_radius=&#8221;none&#8221; row_border_radius_applies=&#8221;bg&#8221; overflow=&#8221;visible&#8221; overlay_strength=&#8221;0.3&#8243; gradient_direction=&#8221;left_to_right&#8221; shape_divider_position=&#8221;bottom&#8221; bg_image_animation=&#8221;none&#8221;][vc_column column_padding=&#8221;no-extra-padding&#8221; column_padding_tablet=&#8221;inherit&#8221; column_padding_phone=&#8221;inherit&#8221; column_padding_position=&#8221;all&#8221; column_element_direction_desktop=&#8221;default&#8221; column_element_spacing=&#8221;default&#8221; desktop_text_alignment=&#8221;default&#8221; tablet_text_alignment=&#8221;default&#8221; phone_text_alignment=&#8221;default&#8221; background_color_opacity=&#8221;1&#8243; background_hover_color_opacity=&#8221;1&#8243; column_backdrop_filter=&#8221;none&#8221; column_shadow=&#8221;none&#8221; column_border_radius=&#8221;none&#8221; column_link_target=&#8221;_self&#8221; column_position=&#8221;default&#8221; gradient_direction=&#8221;left_to_right&#8221; overlay_strength=&#8221;0.3&#8243; width=&#8221;1\/1&#8243; tablet_width_inherit=&#8221;default&#8221; animation_type=&#8221;default&#8221; bg_image_animation=&#8221;none&#8221; border_type=&#8221;simple&#8221; column_border_width=&#8221;none&#8221; column_border_style=&#8221;solid&#8221;][nectar_global_section id=&#8221;739&#8243;][\/vc_column][\/vc_row][vc_row type=&#8221;in_container&#8221; full_screen_row_position=&#8221;middle&#8221; column_margin=&#8221;default&#8221; column_direction=&#8221;default&#8221; column_direction_tablet=&#8221;default&#8221; column_direction_phone=&#8221;default&#8221; scene_position=&#8221;center&#8221; text_color=&#8221;dark&#8221; text_align=&#8221;left&#8221; row_border_radius=&#8221;none&#8221; row_border_radius_applies=&#8221;bg&#8221; overflow=&#8221;visible&#8221; overlay_strength=&#8221;0.3&#8243; gradient_direction=&#8221;left_to_right&#8221; shape_divider_position=&#8221;bottom&#8221; bg_image_animation=&#8221;none&#8221;][vc_column column_padding=&#8221;no-extra-padding&#8221; column_padding_tablet=&#8221;inherit&#8221; column_padding_phone=&#8221;inherit&#8221; column_padding_position=&#8221;all&#8221; column_element_direction_desktop=&#8221;default&#8221; column_element_spacing=&#8221;default&#8221; desktop_text_alignment=&#8221;default&#8221; tablet_text_alignment=&#8221;default&#8221; phone_text_alignment=&#8221;default&#8221; background_color_opacity=&#8221;1&#8243; background_hover_color_opacity=&#8221;1&#8243; column_backdrop_filter=&#8221;none&#8221; column_shadow=&#8221;none&#8221; column_border_radius=&#8221;none&#8221; column_link_target=&#8221;_self&#8221; column_position=&#8221;default&#8221; gradient_direction=&#8221;left_to_right&#8221; overlay_strength=&#8221;0.3&#8243; width=&#8221;1\/1&#8243; tablet_width_inherit=&#8221;default&#8221; animation_type=&#8221;default&#8221; bg_image_animation=&#8221;none&#8221; border_type=&#8221;simple&#8221; column_border_width=&#8221;none&#8221; column_border_style=&#8221;solid&#8221;][split_line_heading animation_type=&#8221;line-reveal-by-space&#8221; font_style=&#8221;h1&#8243; line_reveal_by_space_text_effect=&#8221;default&#8221; content_alignment=&#8221;default&#8221; mobile_content_alignment=&#8221;inherit&#8221; link_target=&#8221;_self&#8221; text_content=&#8221;Festival diep~haven 2016&#8243;][\/split_line_heading][vc_column_text]\n<h2>diep<em>~<\/em>haven\/ festival transmanche \u2014 portraits, 2016<\/h2>\n<div class=\"global\">\n<p class=\"texte_courant\">Commissaires : Sarah Michel, Philippe Terrier Hermann<\/p>\n<p class=\"texte_courant\"><img loading=\"lazy\" decoding=\"async\" class=\"aligncenter size-full wp-image-84\" src=\"https:\/\/www.diephaven.org\/wp-content\/uploads\/2021\/04\/diep2016.jpeg\" alt=\"\" width=\"450\" height=\"325\" srcset=\"https:\/\/www.impatiences.org\/wp-content\/uploads\/2021\/04\/diep2016.jpeg 450w, https:\/\/www.impatiences.org\/wp-content\/uploads\/2021\/04\/diep2016-300x217.jpeg 300w\" sizes=\"auto, (max-width: 450px) 100vw, 450px\" \/><br \/>\nEn r\u00e9ponse \u00e0 l\u2019invitation de Normandie Impressionniste, le festival diep~haven portera en 2016 sur le th\u00e8me du portrait : avec en m\u00e9moire la longue tradition picturale propre \u00e0 ce genre, diff\u00e9rents projets de portraits contemporains seront d\u00e9velopp\u00e9s sur le double territoire qui est maintenant le n\u00f4tre, celui de Dieppe et de Newhaven, incluant la ligne de ferry qui relie les deux villes et pouvant s\u2019\u00e9tendre \u00e0 Hastings, Yvetot ou Brighton au gr\u00e9 des partenariats avec d\u2019autres structures culturelles.<br \/>\nL\u2019histoire du portrait a accompagn\u00e9 l\u2019\u00e9mergence de l\u2019individu dans notre soci\u00e9t\u00e9, depuis la Renaissance et les peintres flamands qui donnaient \u00e0 voir le statut social, jusqu\u2019\u00e0 aujourd\u2019hui, en passant bien s\u00fbr par l\u2019Impressionnisme, qui s\u2019est lui aussi attach\u00e9e \u00e0 la figure et au corps, \u00e0 l\u2019impression que d\u00e9gage une personne. Apr\u00e8s la d\u00e9mocratisation de l\u2019appareil photo, l\u2019av\u00e8nement de l\u2019\u00e8re num\u00e9rique, l\u2019explosion des r\u00e9seaux sociaux, l\u2019individu du 21\u00e8me si\u00e8cle n\u2019existe pas sans image. Photo de famille ou de classe, trombinoscope d\u2019entreprise, photos de profil ou selfie : les formes de repr\u00e9sentations de soi se multiplient.<br \/>\nAu del\u00e0 de la port\u00e9e m\u00e9morielle et de la valorisation de l\u2019individu, le portrait, comme toute repr\u00e9sentation, implique une approche, un point de vue, une subjectivit\u00e9 qui met en avant l\u2019un ou l\u2019autre aspect de la personne. La pratique qu\u2019en ont les artistes est un moyen de redonner du sens \u00e0 cet acte devenu banal qui consiste \u00e0 se faire tirer le portrait.<br \/>\nEn 2016, le festival diep~haven conservera son format de parcours culturel, m\u00ealant expositions et \u00e9v\u00e8nements, entre la France et l\u2019Angleterre, avec pour centres de gravit\u00e9 les villes de Dieppe et Newhaven. Nous souhaitons, pour cette nouvelle \u00e9dition, d\u00e9velopper tout particuli\u00e8rement certains axes de nos activit\u00e9s men\u00e9es jusqu\u2019\u00e0 pr\u00e9sent : la r\u00e9sidence d\u2019artiste, les projets participatifs et la diffusion dans l\u2019espace public.<br \/>\nLe programme tel que nous le concevons aujourd\u2019hui pourrait s\u2019articuler autour de plusieurs dispositifs :<br \/>\n&#8211; un appel \u00e0 projets adress\u00e9 aux artistes pour une r\u00e9sidence sur le territoire, impliquant une interaction avec la population et un mode de monstration \u00e0 inventer.<br \/>\n&#8211; deux expositions, de chaque c\u00f4t\u00e9 de la Manche, pr\u00e9sentant une sc\u00e8ne contemporaine du portrait en peinture, dessin, photographie et vid\u00e9o.<br \/>\n&#8211; un programme d\u2019\u00e9v\u00e8nements en partenariat avec d\u2019autres structures culturelles : s\u00e9ances de cin\u00e9ma, performances, concerts, &#8230; prenant le th\u00e8me du portrait comme point de d\u00e9part.<br \/>\n&#8211; des ateliers de pratique du portrait et de l\u2019autoportrait en direction des publics jeunes et \u00e9loign\u00e9s de la culture, ainsi qu\u2019une mobilisation des pratiques amateurs, afin de toucher le plus grand nombre.<\/p>\n<p>Commissaires : Sarah Michel, Philippe Terrier Hermann, Rosie Hermon, AliceSch\u00ffler Mallet<\/p>\n<\/div>\n[\/vc_column_text][\/vc_column][\/vc_row]\n","protected":false},"excerpt":{"rendered":"<p>[vc_row type=&#8221;in_container&#8221; full_screen_row_position=&#8221;middle&#8221; column_margin=&#8221;default&#8221; column_direction=&#8221;default&#8221; column_direction_tablet=&#8221;default&#8221; column_direction_phone=&#8221;default&#8221; scene_position=&#8221;center&#8221; text_color=&#8221;dark&#8221; text_align=&#8221;left&#8221; row_border_radius=&#8221;none&#8221; row_border_radius_applies=&#8221;bg&#8221; overflow=&#8221;visible&#8221; overlay_strength=&#8221;0.3&#8243; gradient_direction=&#8221;left_to_right&#8221; shape_divider_position=&#8221;bottom&#8221; bg_image_animation=&#8221;none&#8221;][vc_column column_padding=&#8221;no-extra-padding&#8221;&#8230;<\/p>\n","protected":false},"author":1,"featured_media":84,"parent":25,"menu_order":0,"comment_status":"closed","ping_status":"closed","template":"page_pad.php","meta":{"footnotes":""},"categories":[],"tags":[6],"class_list":{"0":"post-83","1":"page","2":"type-page","3":"status-publish","4":"has-post-thumbnail","6":"tag-archives"},"aioseo_notices":[],"_links":{"self":[{"href":"https:\/\/www.impatiences.org\/en\/wp-json\/wp\/v2\/pages\/83","targetHints":{"allow":["GET"]}}],"collection":[{"href":"https:\/\/www.impatiences.org\/en\/wp-json\/wp\/v2\/pages"}],"about":[{"href":"https:\/\/www.impatiences.org\/en\/wp-json\/wp\/v2\/types\/page"}],"author":[{"embeddable":true,"href":"https:\/\/www.impatiences.org\/en\/wp-json\/wp\/v2\/users\/1"}],"replies":[{"embeddable":true,"href":"https:\/\/www.impatiences.org\/en\/wp-json\/wp\/v2\/comments?post=83"}],"version-history":[{"count":0,"href":"https:\/\/www.impatiences.org\/en\/wp-json\/wp\/v2\/pages\/83\/revisions"}],"up":[{"embeddable":true,"href":"https:\/\/www.impatiences.org\/en\/wp-json\/wp\/v2\/pages\/25"}],"wp:featuredmedia":[{"embeddable":true,"href":"https:\/\/www.impatiences.org\/en\/wp-json\/wp\/v2\/media\/84"}],"wp:attachment":[{"href":"https:\/\/www.impatiences.org\/en\/wp-json\/wp\/v2\/media?parent=83"}],"wp:term":[{"taxonomy":"category","embeddable":true,"href":"https:\/\/www.impatiences.org\/en\/wp-json\/wp\/v2\/categories?post=83"},{"taxonomy":"post_tag","embeddable":true,"href":"https:\/\/www.impatiences.org\/en\/wp-json\/wp\/v2\/tags?post=83"}],"curies":[{"name":"wp","href":"https:\/\/api.w.org\/{rel}","templated":true}]}}