{"id":69,"date":"2021-04-28T13:29:57","date_gmt":"2021-04-28T11:29:57","guid":{"rendered":"https:\/\/www.diephaven.org\/?page_id=69"},"modified":"2022-10-03T14:10:50","modified_gmt":"2022-10-03T12:10:50","slug":"festival-diephaven-2019","status":"publish","type":"page","link":"https:\/\/www.impatiences.org\/en\/archives\/festival-diephaven-2019","title":{"rendered":"Festival diep~haven 2019"},"content":{"rendered":"[vc_row type=&#8221;in_container&#8221; full_screen_row_position=&#8221;middle&#8221; column_margin=&#8221;default&#8221; column_direction=&#8221;default&#8221; column_direction_tablet=&#8221;default&#8221; column_direction_phone=&#8221;default&#8221; scene_position=&#8221;center&#8221; text_color=&#8221;dark&#8221; text_align=&#8221;left&#8221; row_border_radius=&#8221;none&#8221; row_border_radius_applies=&#8221;bg&#8221; overflow=&#8221;visible&#8221; overlay_strength=&#8221;0.3&#8243; gradient_direction=&#8221;left_to_right&#8221; shape_divider_position=&#8221;bottom&#8221; bg_image_animation=&#8221;none&#8221;][vc_column column_padding=&#8221;no-extra-padding&#8221; column_padding_tablet=&#8221;inherit&#8221; column_padding_phone=&#8221;inherit&#8221; column_padding_position=&#8221;all&#8221; column_element_direction_desktop=&#8221;default&#8221; column_element_spacing=&#8221;default&#8221; desktop_text_alignment=&#8221;default&#8221; tablet_text_alignment=&#8221;default&#8221; phone_text_alignment=&#8221;default&#8221; background_color_opacity=&#8221;1&#8243; background_hover_color_opacity=&#8221;1&#8243; column_backdrop_filter=&#8221;none&#8221; column_shadow=&#8221;none&#8221; column_border_radius=&#8221;none&#8221; column_link_target=&#8221;_self&#8221; column_position=&#8221;default&#8221; gradient_direction=&#8221;left_to_right&#8221; overlay_strength=&#8221;0.3&#8243; width=&#8221;1\/1&#8243; tablet_width_inherit=&#8221;default&#8221; animation_type=&#8221;default&#8221; bg_image_animation=&#8221;none&#8221; border_type=&#8221;simple&#8221; column_border_width=&#8221;none&#8221; column_border_style=&#8221;solid&#8221;][nectar_global_section id=&#8221;739&#8243;][\/vc_column][\/vc_row][vc_row type=&#8221;in_container&#8221; full_screen_row_position=&#8221;middle&#8221; column_margin=&#8221;default&#8221; column_direction=&#8221;default&#8221; column_direction_tablet=&#8221;default&#8221; column_direction_phone=&#8221;default&#8221; scene_position=&#8221;center&#8221; text_color=&#8221;dark&#8221; text_align=&#8221;left&#8221; row_border_radius=&#8221;none&#8221; row_border_radius_applies=&#8221;bg&#8221; overflow=&#8221;visible&#8221; overlay_strength=&#8221;0.3&#8243; gradient_direction=&#8221;left_to_right&#8221; shape_divider_position=&#8221;bottom&#8221; bg_image_animation=&#8221;none&#8221;][vc_column column_padding=&#8221;no-extra-padding&#8221; column_padding_tablet=&#8221;inherit&#8221; column_padding_phone=&#8221;inherit&#8221; column_padding_position=&#8221;all&#8221; column_element_direction_desktop=&#8221;default&#8221; column_element_spacing=&#8221;default&#8221; desktop_text_alignment=&#8221;default&#8221; tablet_text_alignment=&#8221;default&#8221; phone_text_alignment=&#8221;default&#8221; background_color_opacity=&#8221;1&#8243; background_hover_color_opacity=&#8221;1&#8243; column_backdrop_filter=&#8221;none&#8221; column_shadow=&#8221;none&#8221; column_border_radius=&#8221;none&#8221; column_link_target=&#8221;_self&#8221; column_position=&#8221;default&#8221; gradient_direction=&#8221;left_to_right&#8221; overlay_strength=&#8221;0.3&#8243; width=&#8221;1\/1&#8243; tablet_width_inherit=&#8221;default&#8221; animation_type=&#8221;default&#8221; bg_image_animation=&#8221;none&#8221; border_type=&#8221;simple&#8221; column_border_width=&#8221;none&#8221; column_border_style=&#8221;solid&#8221;][split_line_heading animation_type=&#8221;line-reveal-by-space&#8221; font_style=&#8221;h1&#8243; line_reveal_by_space_text_effect=&#8221;default&#8221; content_alignment=&#8221;default&#8221; mobile_content_alignment=&#8221;inherit&#8221; link_target=&#8221;_self&#8221; text_content=&#8221;Festival diep~haven 2019&#8243;][\/split_line_heading][vc_column_text]<div class=\"_df_book df-lite\" id=\"df_65\"  _slug=\"diephaven-2019\" data-title=\"diephaven-2019\" wpoptions=\"true\" thumb=\"http:\/\/www.impatiences.org\/wp-content\/uploads\/2021\/04\/cover_borderline2019.jpeg\" thumbtype=\"\" ><\/div><script class=\"df-shortcode-script\" nowprocket type=\"application\/javascript\">window.option_df_65 = {\"outline\":[],\"backgroundColor\":\"transparent\",\"autoEnableOutline\":\"false\",\"autoEnableThumbnail\":\"false\",\"overwritePDFOutline\":\"false\",\"direction\":\"1\",\"pageSize\":\"0\",\"source\":\"http:\\\/\\\/www.impatiences.org\\\/wp-content\\\/uploads\\\/2021\\\/04\\\/diep_haven_borderline2019.pdf\",\"wpOptions\":\"true\"}; if(window.DFLIP && window.DFLIP.parseBooks){window.DFLIP.parseBooks();}<\/script>\n<p>Le festival de la c\u00f4te d&#8217;alb\u00e2tre, diep, s&#8217;est d\u00e8s sa cr\u00e9ation en 2010 interess\u00e9 \u00e0 sa situation g\u00e9ographique et l&#8217;histoire qui en d\u00e9coule. Pour sa 5\u00e8me \u00e9dition le festival s&#8217;est mu\u00e9e en diep-haven afin d&#8217;embrasser le territoire europ\u00e9en d&#8217;en face. Les \u00e9changes \u2013 en tous genres- entre la Normandie et l&#8217;Angleterre ont fa\u00e7onn\u00e9s nos cultures, nos paysages, nos architectures&#8230;<\/p>\n<p>Pour notre dixi\u00e8me anniversaire, il semblerait que l&#8217;on assiste \u00e0 la finalisation d&#8217;un divorce au niveau europ\u00e9en qui va changer nos fronti\u00e8res. La Manche, cet horizon commun, va redevenir une fronti\u00e8re entre nos deux territoires : la Normandie et le Sussex de l&#8217;Est. C&#8217;est donc avec une certaine tristesse que nous allons assister \u00e0 la re-cr\u00e9ation d&#8217;une ligne, d&#8217;une fronti\u00e8re en lieu et place de notre horizon direct. Cette \u00ab border-line \u00bb assez abstraite va remodifier notre g\u00e9ographie et notre volont\u00e9 de partage de nos diff\u00e9rences et de nos ressemblances. Nous tenons \u00e0 pr\u00e9server nos correspondances malgr\u00e9 la cr\u00e9ation de ce mur que des forces \u00ab border-line \u00bb vont cr\u00e9er.<\/p>\n<p>Borderline est en fran\u00e7ais un anglicisme qui parle d&#8217;un \u00e9tat instable, d&#8217;une zone grise, d&#8217;un trouble de la personnalit\u00e9&#8230; Cet \u00e9tat limite est aussi \u00e0 m\u00e9diter comme une analogie de notre monde et de sa furieuse volont\u00e9 d&#8217;\u00e9riger de nouveaux murs dans nos territoires contre les populations. Il peut-\u00eatre interpr\u00e9t\u00e9 comme une maladie qui se caract\u00e9rise par une grande instabilit\u00e9 des relations interpersonnelles et des troubles de la personnalit\u00e9. Il peut-\u00eatre constat\u00e9 que l&#8217;\u00e9rection de ces murs entres les hommes se cr\u00e9ent par un sentiment irraisonable de peur face \u00e0 l&#8217;autre, l&#8217;\u00e9tranger, le migrant, la minorit\u00e9, l&#8217;autre genre, le mauvais genre&#8230;<\/p>\n<p>Le festival diep-haven se construit d&#8217;ann\u00e9e en ann\u00e9e de plus en plus sur les notions d&#8217;\u00e9changes, de partages, d&#8217;itin\u00e9rances. Il se construit chaque ann\u00e9e en explorant de nouveaux lieux, de nouveaux territoires et met la relation \u00e0 l&#8217;artiste et de sa production avec de nouveaux publics en incitant -de par ses partenariats- \u00e0 un m\u00e9lange des publics afin de sortir des zones de conforts de chacun et des fronti\u00e8res que l&#8217;ont construit. De la France \u00e0 l&#8217;Angleterre, des arts plastiques \u00e0 la danse, de la cr\u00e9ation contemporaine au patrimoine, de la th\u00e9orie \u00e0 la pratique, d&#8217;une sc\u00e8ne nationale \u00e0 un ch\u00e2teau, de la ville \u00e0 la campagne, de la cave au jardin, du documentaire \u00e0 la fiction&#8230; Cette ann\u00e9e encore, nous tenterons d&#8217;\u00e9largir nos publics, nos champs d&#8217;actions et d&#8217;ouvrir encore et encore nos horizons.<\/p>\n<p>Avec : Maria Adela Diaz, Martin Brockman &amp; Alice Sch\u00ffler-Mallet, Thomas Portier, Jean-Charles Remicourt-Marie[\/vc_column_text][\/vc_column][\/vc_row]","protected":false},"excerpt":{"rendered":"<p>[vc_row type=&#8221;in_container&#8221; full_screen_row_position=&#8221;middle&#8221; column_margin=&#8221;default&#8221; column_direction=&#8221;default&#8221; column_direction_tablet=&#8221;default&#8221; column_direction_phone=&#8221;default&#8221; scene_position=&#8221;center&#8221; text_color=&#8221;dark&#8221; text_align=&#8221;left&#8221; row_border_radius=&#8221;none&#8221; row_border_radius_applies=&#8221;bg&#8221; overflow=&#8221;visible&#8221; overlay_strength=&#8221;0.3&#8243; gradient_direction=&#8221;left_to_right&#8221; shape_divider_position=&#8221;bottom&#8221; bg_image_animation=&#8221;none&#8221;][vc_column column_padding=&#8221;no-extra-padding&#8221;&#8230;<\/p>\n","protected":false},"author":1,"featured_media":67,"parent":25,"menu_order":0,"comment_status":"closed","ping_status":"closed","template":"page_pad.php","meta":{"footnotes":""},"categories":[],"tags":[6],"class_list":{"0":"post-69","1":"page","2":"type-page","3":"status-publish","4":"has-post-thumbnail","6":"tag-archives"},"aioseo_notices":[],"_links":{"self":[{"href":"https:\/\/www.impatiences.org\/en\/wp-json\/wp\/v2\/pages\/69","targetHints":{"allow":["GET"]}}],"collection":[{"href":"https:\/\/www.impatiences.org\/en\/wp-json\/wp\/v2\/pages"}],"about":[{"href":"https:\/\/www.impatiences.org\/en\/wp-json\/wp\/v2\/types\/page"}],"author":[{"embeddable":true,"href":"https:\/\/www.impatiences.org\/en\/wp-json\/wp\/v2\/users\/1"}],"replies":[{"embeddable":true,"href":"https:\/\/www.impatiences.org\/en\/wp-json\/wp\/v2\/comments?post=69"}],"version-history":[{"count":0,"href":"https:\/\/www.impatiences.org\/en\/wp-json\/wp\/v2\/pages\/69\/revisions"}],"up":[{"embeddable":true,"href":"https:\/\/www.impatiences.org\/en\/wp-json\/wp\/v2\/pages\/25"}],"wp:featuredmedia":[{"embeddable":true,"href":"https:\/\/www.impatiences.org\/en\/wp-json\/wp\/v2\/media\/67"}],"wp:attachment":[{"href":"https:\/\/www.impatiences.org\/en\/wp-json\/wp\/v2\/media?parent=69"}],"wp:term":[{"taxonomy":"category","embeddable":true,"href":"https:\/\/www.impatiences.org\/en\/wp-json\/wp\/v2\/categories?post=69"},{"taxonomy":"post_tag","embeddable":true,"href":"https:\/\/www.impatiences.org\/en\/wp-json\/wp\/v2\/tags?post=69"}],"curies":[{"name":"wp","href":"https:\/\/api.w.org\/{rel}","templated":true}]}}