{"id":488,"date":"2022-09-20T22:09:01","date_gmt":"2022-09-20T20:09:01","guid":{"rendered":"https:\/\/www.impatiences.org\/?page_id=488"},"modified":"2025-06-29T19:43:51","modified_gmt":"2025-06-29T17:43:51","slug":"equipe","status":"publish","type":"page","link":"https:\/\/www.impatiences.org\/en\/equipe","title":{"rendered":"Team"},"content":{"rendered":"[vc_row type=&#8221;in_container&#8221; full_screen_row_position=&#8221;middle&#8221; column_margin=&#8221;default&#8221; column_direction=&#8221;default&#8221; column_direction_tablet=&#8221;default&#8221; column_direction_phone=&#8221;default&#8221; scene_position=&#8221;center&#8221; top_padding=&#8221;6%&#8221; bottom_padding=&#8221;6%&#8221; left_padding_desktop=&#8221;10%&#8221; constrain_group_2=&#8221;yes&#8221; right_padding_desktop=&#8221;10%&#8221; text_color=&#8221;dark&#8221; text_align=&#8221;left&#8221; row_border_radius=&#8221;none&#8221; row_border_radius_applies=&#8221;bg&#8221; overflow=&#8221;visible&#8221; overlay_strength=&#8221;0.3&#8243; gradient_direction=&#8221;left_to_right&#8221; shape_divider_position=&#8221;bottom&#8221; bg_image_animation=&#8221;none&#8221; shape_type=&#8221;&#8221; gradient_type=&#8221;default&#8221;][vc_column column_padding=&#8221;no-extra-padding&#8221; column_padding_tablet=&#8221;inherit&#8221; column_padding_phone=&#8221;inherit&#8221; column_padding_position=&#8221;all&#8221; column_element_direction_desktop=&#8221;default&#8221; column_element_spacing=&#8221;default&#8221; desktop_text_alignment=&#8221;default&#8221; tablet_text_alignment=&#8221;default&#8221; phone_text_alignment=&#8221;default&#8221; background_color_opacity=&#8221;1&#8243; background_hover_color_opacity=&#8221;1&#8243; column_backdrop_filter=&#8221;none&#8221; column_shadow=&#8221;none&#8221; column_border_radius=&#8221;none&#8221; column_link_target=&#8221;_self&#8221; column_position=&#8221;default&#8221; gradient_direction=&#8221;left_to_right&#8221; overlay_strength=&#8221;0.3&#8243; width=&#8221;2\/5&#8243; tablet_width_inherit=&#8221;default&#8221; animation_type=&#8221;default&#8221; bg_image_animation=&#8221;none&#8221; border_type=&#8221;simple&#8221; column_border_width=&#8221;none&#8221; column_border_style=&#8221;solid&#8221;][split_line_heading animation_type=&#8221;line-reveal-by-space&#8221; font_style=&#8221;h2&#8243; line_reveal_by_space_text_effect=&#8221;default&#8221; content_alignment=&#8221;center&#8221; mobile_content_alignment=&#8221;inherit&#8221; link_target=&#8221;_self&#8221; text_content=&#8221;Team&#8221; max_width=&#8221;550&#8243;]\n<h2><\/h2>\n[\/split_line_heading][divider line_type=&#8221;No Line&#8221; custom_height=&#8221;30&#8243;][nectar_responsive_text]Artistic Directors : <strong>Aliocha Imhoff &amp; Kantuta Quir\u00f3s\u00a0<\/strong><\/p>\n<p>Founders and directors from 2010 to 2020: <strong>Alice Sch\u00ffler-Mallet and Philippe Terrier-Hermann<\/strong><\/p>\n<p><strong>2023 edition<br \/>\nPrint design<\/strong>: a+b studio (Louise Bourlon-Treguier, Romane Airola)<br \/>\n<strong>Video capture<\/strong>: Laurent Gaillardon<br \/>\n<strong>Logistical support<\/strong>: Kourmi Quiros<br \/>\n<strong>Production<\/strong>: Expanding the Poem \/ le peuple qui manque \/ Cyb\u00e8le<\/p>\n<p><strong>2025 edition<\/strong><br \/>\n<strong>Graphic design<\/strong>: a+b studio (Louise Bourlon-Treguier, Romane Airola)<br \/>\n<strong>Video recording<\/strong>: Laurent Gaillardon<br \/>\n<strong>Stage management<\/strong>: Romain Dudek, Kourmi Quir\u00f3s<br \/>\n<strong>Production<\/strong>: Expanding the Poem \/<em> le peuple qui manque<\/em>[\/nectar_responsive_text][\/vc_column][vc_column column_padding=&#8221;no-extra-padding&#8221; column_padding_tablet=&#8221;inherit&#8221; column_padding_phone=&#8221;inherit&#8221; column_padding_position=&#8221;all&#8221; column_element_direction_desktop=&#8221;default&#8221; column_element_spacing=&#8221;default&#8221; desktop_text_alignment=&#8221;default&#8221; tablet_text_alignment=&#8221;default&#8221; phone_text_alignment=&#8221;default&#8221; background_color_opacity=&#8221;1&#8243; background_hover_color_opacity=&#8221;1&#8243; column_backdrop_filter=&#8221;none&#8221; column_shadow=&#8221;none&#8221; column_border_radius=&#8221;none&#8221; column_link_target=&#8221;_self&#8221; column_position=&#8221;default&#8221; gradient_direction=&#8221;left_to_right&#8221; overlay_strength=&#8221;0.3&#8243; width=&#8221;3\/5&#8243; tablet_width_inherit=&#8221;default&#8221; animation_type=&#8221;default&#8221; bg_image_animation=&#8221;none&#8221; border_type=&#8221;simple&#8221; column_border_width=&#8221;none&#8221; column_border_style=&#8221;solid&#8221;][team_member image_url=&#8221;490&#8243; bio_alt_image_url=&#8221;490&#8243; team_memeber_style=&#8221;bio_fullscreen_alt&#8221; image_loading=&#8221;lazy-load&#8221; team_member_bio_full_html=&#8221;html&#8221; name=&#8221;Aliocha Imhoff &amp; Kantuta Quir\u00f3s&#8221; job_position=&#8221;Directors&#8221; social_icon_1=&#8221;fa fa-share-square-o&#8221; social_link_1=&#8221;https:\/\/www.lepeuplequimanque.org\/&#8221; social_icon_2=&#8221;fa fa-facebook-square&#8221; social_link_2=&#8221;https:\/\/www.facebook.com\/aliocha.imhoff&#8221; social_icon_3=&#8221;fa fa-facebook-square&#8221; social_link_3=&#8221;https:\/\/www.facebook.com\/kantuta.quiros&#8221; team_member_mini_bio=&#8221;Aliocha Imhoff and Kantuta Quir\u00f3s are curators, art theorists, filmmakers, founders and directors of the curatorial platform le peuple qui manque, created in 2005 which works between art and research. Kantuta Quir\u00f3s, born in La Paz (Bolivia) is lecturer at the University of Paris I. Aliocha Imhoff was born in Paris. He is since 2021, lecturer at the University Paris VIII.&#8221;]<strong>Aliocha Imhoff and Kantuta Quir\u00f3s<\/strong> are curators, art theorists, filmmakers, founders and directors of the curatorial platform le peuple qui manque, created in 2005 that works between art and research. Among their projects, <em>Le proc\u00e8s de la fiction<\/em> (Nuit Blanche, 2017) was voted best art event of 2017 by Les Inrocks and Kunstkritikk and best speech event according to Le Monde. Let&#8217;s also mention recently <em>Et que demandent-ils ? A devenir quelque chose<\/em>\u00a0(Lyon Biennale, 2019), <em>A Debt of Times<\/em> (Konsthall C, Stockholm, 2018), <em>Une Constituante Migrante<\/em> (Centre Pompidou, 2017), <em>A Government of Times<\/em> (Rebuild Foundation, Chicago, and Halle 14, Leipzig, 2016).\u00a0\u00a0They published <em>Les potentiels du temps<\/em> (Manuella Editions, 2016, with Camille de Toledo), selected as one of the 10 best essays of 2016 by Les Inrocks and edited Geoesthetics (Editions B42, 2014) and <em>Histoires afropolitaines de l&#8217;art<\/em>, Revue Multitudes 53-54 (2014). Members of the editorial board of Multitudes review, they have been residents of the Rebuild Foundation (Chicago South Side, 2015) and the Ateliers M\u00e9dicis (2018). They are publishing in 2022, Who Speaks? in the Age of the Anthropocene (P.U.F., 2022).<\/p>\n<p><strong>Kantuta Quir\u00f3s<\/strong>, born in La Paz (Bolivia) is a doctor of aesthetics (University of Paris I). Since 2022, she has been a lecturer at the University of Paris I after having been a professor of art theory at the Ecole Europ\u00e9enne d&#8217;Art de Bretagne in Rennes, after having been an associate lecturer at the Ecole Nationale Sup\u00e9rieure d&#8217;Architecture de Nantes and having taught at the Ecole des Mines Nantes. She also teaches at Ensa Mauritius (Mauritius). She has also held various institutional positions, notably from 2007 to 2011, at the Film Department of the Mus\u00e9e Nationale d&#8217;Art Moderne \/ Centre Pompidou.<\/p>\n<p><strong>Aliocha Imhoff<\/strong> was born in Paris. Doctor in aesthetics, he is since 2021, lecturer at the University of Paris VIII, department of visual arts. He also exercised various institutional functions, in particular with the National Center of Arts. Plastiques.[\/team_member][split_line_heading animation_type=&#8221;line-reveal-by-space&#8221; font_style=&#8221;h5&#8243; line_reveal_by_space_text_effect=&#8221;default&#8221; content_alignment=&#8221;left&#8221; mobile_content_alignment=&#8221;inherit&#8221; link_target=&#8221;_self&#8221; text_content=&#8221;Co-funders&#8221; max_width=&#8221;550&#8243;]\n<h2><\/h2>\n[\/split_line_heading][vc_row_inner column_margin=&#8221;default&#8221; column_direction=&#8221;default&#8221; column_direction_tablet=&#8221;default&#8221; column_direction_phone=&#8221;default&#8221; text_align=&#8221;left&#8221; row_position=&#8221;default&#8221; row_position_tablet=&#8221;inherit&#8221; row_position_phone=&#8221;inherit&#8221; overflow=&#8221;visible&#8221; pointer_events=&#8221;all&#8221;][vc_column_inner column_padding=&#8221;no-extra-padding&#8221; column_padding_tablet=&#8221;inherit&#8221; column_padding_phone=&#8221;inherit&#8221; column_padding_position=&#8221;all&#8221; column_element_direction_desktop=&#8221;default&#8221; column_element_spacing=&#8221;default&#8221; desktop_text_alignment=&#8221;default&#8221; tablet_text_alignment=&#8221;default&#8221; phone_text_alignment=&#8221;default&#8221; background_color_opacity=&#8221;1&#8243; background_hover_color_opacity=&#8221;1&#8243; column_backdrop_filter=&#8221;none&#8221; column_shadow=&#8221;none&#8221; column_border_radius=&#8221;none&#8221; column_link_target=&#8221;_self&#8221; overflow=&#8221;visible&#8221; gradient_direction=&#8221;left_to_right&#8221; overlay_strength=&#8221;0.3&#8243; width=&#8221;1\/2&#8243; tablet_width_inherit=&#8221;default&#8221; animation_type=&#8221;default&#8221; bg_image_animation=&#8221;none&#8221; border_type=&#8221;simple&#8221; column_border_width=&#8221;none&#8221; column_border_style=&#8221;solid&#8221;][team_member image_url=&#8221;492&#8243; bio_image_url=&#8221;492&#8243; team_memeber_style=&#8221;bio_fullscreen&#8221; image_loading=&#8221;default&#8221; team_member_bio_full_html=&#8221;html&#8221; name=&#8221;Alice Sch\u00ffler Mallet&#8221; job_position=&#8221;Co-founder&#8221; social_icon_1=&#8221;fa fa-user&#8221; social_link_1=&#8221;http:\/\/www.aliceschylermallet.com\/&#8221; social_icon_2=&#8221;fa fa-facebook-square&#8221; social_link_2=&#8221;https:\/\/www.facebook.com\/alice.mallet&#8221;]<strong>Alice Sch\u00ffler Mallet<\/strong>\u00a0is a visual artist and curator. She is interested in questions concerning the body, space, the charge of certain materials and their influence in space, their function and their use. She likes to divert some of these materials in order to produce shift and confusion, to find pre-existing images, archaic and universal, archetypes linked to the material or the place. She has exhibited her work in the Avivson and Mamia Bretesche galleries in Paris, Klaus Strickner in Vienna, the Mandal Gallery in Norway, the Malm\u00f6 Art Center in Sweden, the Lec tic tic gallery in Noum\u00e9a as well as in Mexico City and Dubai, Nuit Blanche d\u2019Oran 2012 and various festivals and events (Jeune Cr\u00e9ation 2012, DIVA Paris and New York, Video Appart, Paris, Journ\u00e9es du Patrimoine, Dieppe, Opus des for\u00eats, Chateauvillain Festival du lin, Normandy, Root 66, Hastings, MOCA Taipei). Her curatorial research pushes her towards interdisciplinarity, bringing together visual artists, scientists, critics, historians, musicians, architects, urban planners, landscapers, filmmakers, performers\u2026 She was curator of the Biennale le Temps d\u2019une mar\u00e9e in Dieppe, Normandy, co-curated with AWP in 2005 and 2007, then of the Diep festival with Philippe Terrier Herman and Sarah Michel in 2010, 2011, 2012, 2013 and Rosie Hermon in 2014, 2015, 2016 and 2018.\u00a0<a class=\"external\" href=\"http:\/\/www.aliceschylermallet.com\/\" target=\"_blank\" rel=\"noopener nofollow\">http:\/\/www.aliceschylermallet.com\/<\/a>[\/team_member][\/vc_column_inner][vc_column_inner column_padding=&#8221;no-extra-padding&#8221; column_padding_tablet=&#8221;inherit&#8221; column_padding_phone=&#8221;inherit&#8221; column_padding_position=&#8221;all&#8221; column_element_direction_desktop=&#8221;default&#8221; column_element_spacing=&#8221;default&#8221; desktop_text_alignment=&#8221;default&#8221; tablet_text_alignment=&#8221;default&#8221; phone_text_alignment=&#8221;default&#8221; background_color_opacity=&#8221;1&#8243; background_hover_color_opacity=&#8221;1&#8243; column_backdrop_filter=&#8221;none&#8221; column_shadow=&#8221;none&#8221; column_border_radius=&#8221;none&#8221; column_link_target=&#8221;_self&#8221; overflow=&#8221;visible&#8221; gradient_direction=&#8221;left_to_right&#8221; overlay_strength=&#8221;0.3&#8243; width=&#8221;1\/2&#8243; tablet_width_inherit=&#8221;default&#8221; animation_type=&#8221;default&#8221; bg_image_animation=&#8221;none&#8221; border_type=&#8221;simple&#8221; column_border_width=&#8221;none&#8221; column_border_style=&#8221;solid&#8221;][team_member image_url=&#8221;491&#8243; bio_image_url=&#8221;491&#8243; team_memeber_style=&#8221;bio_fullscreen&#8221; image_loading=&#8221;default&#8221; team_member_bio_full_html=&#8221;html&#8221; name=&#8221;Philippe Terrier-Hermann&#8221; job_position=&#8221;Co-founder&#8221; social_icon_1=&#8221;fa fa-user&#8221; social_link_1=&#8221;http:\/\/www.terrier-hermann.com\/&#8221; social_icon_2=&#8221;fa fa-facebook-square&#8221; social_link_2=&#8221;https:\/\/fr-fr.facebook.com\/terrierhermann&#8221;]<strong>Philippe Terrier-Hermann<\/strong> is an artist, photographer and filmmaker. After studying photography at the \u201cSchool of the Art Institute of Chicago\u201d he produced his first work \u201cintercontinental 1996-2000\u201d at the \u201cRijksakademie van Beeldende Kunsten\u201d in Amsterdam. Then he stayed in Brussels, Rome (Villa Medici, 2000), Paris (Cit\u00e9 des Arts, 2001), Tokyo (2003) and Los Angeles (Villa Medici Hors les Murs, 2011). Since 2000, he has exhibited at the National Center of Photography in Paris, at the Museum voor Fotografie in Antwerp, at the Sharjah Biennial in the United Arab Emirates, at the Contemporary Art Center of Castres, at the Villa Arson in Nice and at the Busan Biennial in South Korea. His videos have been screened at the Point Ligne Plan evenings at La F\u00e9mis in Paris, De Appel in Amsterdam, the Jeu de Paume and the Grand Palais in Paris, the Centro Reina Sofia in Madrid and the South London Gallery. Some are also part of the collections of the Mus\u00e9e National d\u2019Art Moderne, Centre Georges Pompidou in Paris. He has published 6 books \u201cFascination &amp; Romans\u201d, \u201cInternationals\u201d, \u201c106 Japanese beauties\u201d and \u201c93 Dutch beauties\u201d with the Dutch publisher ARTIMO and then Veenman and with Bookstorming \u201cThe American Tetralogy\u201d and \u201cThe French Trilogy\u201d. In 2007, he is in charge of a photographic mission on the contemporary landscape, commissioned by the government of the Province \u201cZuid Holland\u201d, then in 2013\/14 of a public photo commission from the CNAP. He is founder and manager of the self-managed art center \u201cLa maison Gr\u00e9goire\u201d in Brussels. He is also a teacher-researcher at the ISBA in Besan\u00e7on and a professor in the Master of Photography at the ENSAV la Cambre in Brussels.<\/p>\n<div id=\"gtx-trans\" style=\"position: absolute; left: 891px; top: 230px;\">\n<div class=\"gtx-trans-icon\"><\/div>\n<\/div>\n[\/team_member][\/vc_column_inner][\/vc_row_inner][\/vc_column][\/vc_row]","protected":false},"excerpt":{"rendered":"<p>[vc_row type=&#8221;in_container&#8221; full_screen_row_position=&#8221;middle&#8221; column_margin=&#8221;default&#8221; column_direction=&#8221;default&#8221; column_direction_tablet=&#8221;default&#8221; column_direction_phone=&#8221;default&#8221; scene_position=&#8221;center&#8221; top_padding=&#8221;6%&#8221; bottom_padding=&#8221;6%&#8221; left_padding_desktop=&#8221;10%&#8221; constrain_group_2=&#8221;yes&#8221; right_padding_desktop=&#8221;10%&#8221; text_color=&#8221;dark&#8221; text_align=&#8221;left&#8221; row_border_radius=&#8221;none&#8221; row_border_radius_applies=&#8221;bg&#8221; overflow=&#8221;visible&#8221;&#8230;<\/p>\n","protected":false},"author":1,"featured_media":0,"parent":0,"menu_order":0,"comment_status":"closed","ping_status":"closed","template":"","meta":{"footnotes":""},"categories":[],"tags":[],"class_list":["post-488","page","type-page","status-publish"],"aioseo_notices":[],"_links":{"self":[{"href":"https:\/\/www.impatiences.org\/en\/wp-json\/wp\/v2\/pages\/488","targetHints":{"allow":["GET"]}}],"collection":[{"href":"https:\/\/www.impatiences.org\/en\/wp-json\/wp\/v2\/pages"}],"about":[{"href":"https:\/\/www.impatiences.org\/en\/wp-json\/wp\/v2\/types\/page"}],"author":[{"embeddable":true,"href":"https:\/\/www.impatiences.org\/en\/wp-json\/wp\/v2\/users\/1"}],"replies":[{"embeddable":true,"href":"https:\/\/www.impatiences.org\/en\/wp-json\/wp\/v2\/comments?post=488"}],"version-history":[{"count":2,"href":"https:\/\/www.impatiences.org\/en\/wp-json\/wp\/v2\/pages\/488\/revisions"}],"predecessor-version":[{"id":2518,"href":"https:\/\/www.impatiences.org\/en\/wp-json\/wp\/v2\/pages\/488\/revisions\/2518"}],"wp:attachment":[{"href":"https:\/\/www.impatiences.org\/en\/wp-json\/wp\/v2\/media?parent=488"}],"wp:term":[{"taxonomy":"category","embeddable":true,"href":"https:\/\/www.impatiences.org\/en\/wp-json\/wp\/v2\/categories?post=488"},{"taxonomy":"post_tag","embeddable":true,"href":"https:\/\/www.impatiences.org\/en\/wp-json\/wp\/v2\/tags?post=488"}],"curies":[{"name":"wp","href":"https:\/\/api.w.org\/{rel}","templated":true}]}}