{"id":339,"date":"2021-09-22T12:29:13","date_gmt":"2021-09-22T10:29:13","guid":{"rendered":"https:\/\/www.diephaven.org\/?page_id=339"},"modified":"2022-10-03T11:22:13","modified_gmt":"2022-10-03T09:22:13","slug":"equipe-partenaires-remerciements","status":"publish","type":"page","link":"https:\/\/www.impatiences.org\/en\/archives\/festival-diephaven-2021\/equipe-partenaires-remerciements","title":{"rendered":"Team &#8211; Partners &#8211; Thanks &#8211; Atlas of Bifurcations &#8211; Diep~Haven 2021"},"content":{"rendered":"[vc_row type=&#8221;in_container&#8221; full_screen_row_position=&#8221;middle&#8221; column_margin=&#8221;default&#8221; column_direction=&#8221;default&#8221; column_direction_tablet=&#8221;default&#8221; column_direction_phone=&#8221;default&#8221; scene_position=&#8221;center&#8221; text_color=&#8221;dark&#8221; text_align=&#8221;left&#8221; row_border_radius=&#8221;none&#8221; row_border_radius_applies=&#8221;bg&#8221; overflow=&#8221;visible&#8221; overlay_strength=&#8221;0.3&#8243; gradient_direction=&#8221;left_to_right&#8221; shape_divider_position=&#8221;bottom&#8221; bg_image_animation=&#8221;none&#8221;][vc_column column_padding=&#8221;no-extra-padding&#8221; column_padding_tablet=&#8221;inherit&#8221; column_padding_phone=&#8221;inherit&#8221; column_padding_position=&#8221;all&#8221; column_element_direction_desktop=&#8221;default&#8221; column_element_spacing=&#8221;default&#8221; desktop_text_alignment=&#8221;default&#8221; tablet_text_alignment=&#8221;default&#8221; phone_text_alignment=&#8221;default&#8221; background_color_opacity=&#8221;1&#8243; background_hover_color_opacity=&#8221;1&#8243; column_backdrop_filter=&#8221;none&#8221; column_shadow=&#8221;none&#8221; column_border_radius=&#8221;none&#8221; column_link_target=&#8221;_self&#8221; column_position=&#8221;default&#8221; gradient_direction=&#8221;left_to_right&#8221; overlay_strength=&#8221;0.3&#8243; width=&#8221;1\/1&#8243; tablet_width_inherit=&#8221;default&#8221; animation_type=&#8221;default&#8221; bg_image_animation=&#8221;none&#8221; border_type=&#8221;simple&#8221; column_border_width=&#8221;none&#8221; column_border_style=&#8221;solid&#8221;][nectar_global_section id=&#8221;664&#8243;][\/vc_column][\/vc_row][vc_row type=&#8221;in_container&#8221; full_screen_row_position=&#8221;middle&#8221; column_margin=&#8221;default&#8221; column_direction=&#8221;default&#8221; column_direction_tablet=&#8221;default&#8221; column_direction_phone=&#8221;default&#8221; scene_position=&#8221;center&#8221; text_color=&#8221;dark&#8221; text_align=&#8221;left&#8221; row_border_radius=&#8221;none&#8221; row_border_radius_applies=&#8221;bg&#8221; overflow=&#8221;visible&#8221; class=&#8221;padpage&#8221; overlay_strength=&#8221;0.3&#8243; gradient_direction=&#8221;left_to_right&#8221; shape_divider_position=&#8221;bottom&#8221; bg_image_animation=&#8221;none&#8221; gradient_type=&#8221;default&#8221; shape_type=&#8221;&#8221;][vc_column column_padding=&#8221;no-extra-padding&#8221; column_padding_tablet=&#8221;inherit&#8221; column_padding_phone=&#8221;inherit&#8221; column_padding_position=&#8221;all&#8221; column_element_direction_desktop=&#8221;default&#8221; column_element_spacing=&#8221;default&#8221; desktop_text_alignment=&#8221;default&#8221; tablet_text_alignment=&#8221;default&#8221; phone_text_alignment=&#8221;default&#8221; background_color_opacity=&#8221;1&#8243; background_hover_color_opacity=&#8221;1&#8243; column_backdrop_filter=&#8221;none&#8221; column_shadow=&#8221;none&#8221; column_border_radius=&#8221;none&#8221; column_link_target=&#8221;_self&#8221; column_position=&#8221;default&#8221; gradient_direction=&#8221;left_to_right&#8221; overlay_strength=&#8221;0.3&#8243; width=&#8221;1\/1&#8243; tablet_width_inherit=&#8221;default&#8221; animation_type=&#8221;default&#8221; bg_image_animation=&#8221;none&#8221; border_type=&#8221;simple&#8221; column_border_width=&#8221;none&#8221; column_border_style=&#8221;solid&#8221;][vc_column_text]\n<h4>Institutional support for the 2021 edition<\/h4>\n<p><img loading=\"lazy\" decoding=\"async\" class=\"aligncenter wp-image-216\" src=\"https:\/\/www.diephaven.org\/wp-content\/uploads\/2021\/08\/partenaires2021_2-1.png\" alt=\"\" width=\"685\" height=\"375\" srcset=\"https:\/\/www.impatiences.org\/wp-content\/uploads\/2021\/08\/partenaires2021_2-1.png 1000w, https:\/\/www.impatiences.org\/wp-content\/uploads\/2021\/08\/partenaires2021_2-1-300x164.png 300w, https:\/\/www.impatiences.org\/wp-content\/uploads\/2021\/08\/partenaires2021_2-1-768x421.png 768w\" sizes=\"auto, (max-width: 685px) 100vw, 685px\" \/><br \/>\nThe 2021 edition of the Diep-Haven Festival has received institutional support from the <strong>DRAC Normandie<\/strong>, the <strong>Normandy Region<\/strong>, the <strong>Seine-Maritime Department<\/strong>, the <strong>City of Dieppe<\/strong>, <strong>Fluxus Art Project<\/strong> (French Institute UK and British Council), <strong>DSN &#8211; Dieppe Sc\u00e8ne Nationale<\/strong>.<\/p>\n<p>&nbsp;<\/p>\n<h4>Other partnerships<\/h4>\n<p><img loading=\"lazy\" decoding=\"async\" class=\"aligncenter wp-image-486\" src=\"https:\/\/www.diephaven.org\/wp-content\/uploads\/2021\/10\/autrespartenaires2021.png\" alt=\"\" width=\"648\" height=\"213\" \/><\/p>\n<p>&nbsp;<\/p>\n<p>The 2021 edition of the Diep-Haven Festival will be held in partnership with the <strong>Dieppe Port Authority<\/strong>, <strong>a people is missing (le peuple qui manque)<\/strong> <strong>RN13bis<\/strong>, the <strong>Grande Ourse Bookstore<\/strong> (Dieppe), the <strong>Aguado Hotel<\/strong> (Dieppe), the <strong>SukhoTha\u00ef food truck<\/strong>, and the <strong>Ecole Nationale Sup\u00e9rieure d&#8217;Architecture de Nantes, Top Image<\/strong>.<\/p>\n<p>&nbsp;<\/p>\n<h4>Team<\/h4>\n<p><strong>Artistic directors<\/strong>: Aliocha Imhoff &amp; Kantuta Quir\u00f3s<br \/>\nFounders: Alice Sch\u00ffler-Mallet and Philippe Terrier-Hermann<br \/>\nBureau association Cyb\u00e8le: Norman Yamada (president), Jean-Philipe Passot (vice-president), Daphn\u00e9 Mallet (treasurer), Astrid Verspieren (secretary).<\/p>\n<p>Trainees: Carol Targino, Elisa Olivier (ESADHaR)..<\/p>\n<p>&nbsp;<\/p>\n<h4>Thanks<\/h4>\n<p>The festival team thanks : Dieppe City Council (Nicolas Langlois, V\u00e9ronique Senecal, Damien Cordier, Anne Bellouin, Veronique Antoine, Emilie Vallois, Yohann Guerain, Laetitia Legrand), DRAC de Normandie (J\u00e9r\u00f4me Felin, David Guiffard, Benjamin Vall\u00e9e, Caroline Renault, Sylvie Bouhier, Am\u00e9lie Legrix, Catherine Ledun), R\u00e9gion Normandie (Svetlana Svetlova), D\u00e9partement de la Seine-Maritime (H\u00e9l\u00e8ne Bisson, C\u00e9lia Bouget), D.S.N. (Philippe Cogney, Gr\u00e9gory Le Perff), Bureau des arts de l&#8217;Institut Fran\u00e7ais RU \/ Fluxus (Isabelle Manci &#8211; Attach\u00e9e culturelle, Marie Lhotellier), Sebastien Jumel, Ecole Nationale Sup\u00e9rieure d&#8217;Architecture de Nantes (Romain Rousseau, L\u00e9a Mosconi), Communaut\u00e9 d\u2019Agglom\u00e9ration de la R\u00e9gion Dieppoise (Mathilde Deneux, Guy Senecal), Port de Normandie\/R\u00e9gie de Dieppe (Marie Dominique Fouchault, Philippe Deiss, Dominique Bimont, Gonzague Delamaere, Eric Augustin, Mme Delepine), L&#8217;<em>\u00c9cole<\/em>\u00a0sup\u00e9rieure d&#8217;<em>art<\/em>\u00a0et design Le Havre-<em>Rouen<\/em> (ESADHaR, Sophie Dubosc), Mus\u00e9e de Dieppe (Pierre Ickowitz), RN13bis (Andr\u00e9a Launay, Sorana Munteanu), Hotel Aguado (Christine Hevers, Alain Caillet), TOPIMAGE (Antoine Poidvin, Fran\u00e7ois Artu, David, Olivier, St\u00e9phanie), Alter Natives (Emmanuelle Cadet, Ainhoa Gomez), Lyc\u00e9e Jehan Ango, Florent Bussy, Adinel Bruzan, Anna Knezevic, La Grande Ourse Librairie (Mila Boursier,Vanessa Aud\u00e9on), DFDS Seaways (Florence Brunel), Julie Faitot, Vincent Vives, Pascal Gautrand, Jean-Christophe Lemaire, Julie Perrin, sud-ouest.org (Jean Peyratout), Sarah Michel, Alain Caillet, Liliane Daumain, Val\u00e9rie Auclair, Laurent Gaillardon, Marie-Claude Boissinot, Marco Antonio Quiros, Mireille Quiros, Kourmi Quiros, Michel Baverey, Manuella Vaney, Pauline Troll\u00e9, Yves Troll\u00e9, Carlos Quintero, Alo\u00efs Andrea Mill\u00e9-Quir\u00f3s, Jesse Miceli, Barthelemy Dary, James No\u00ebl, Pascale Monnin, Anne Sophie Vocanson, Alain Auzou, Sylvie Auzou, Philippe Clochepin, Les Informations Dieppoises (Camille Larher), Rosie Hermon, the artists, the speakers, the Gallery Mor Charpentier (Arthur Gruson)..<\/p>\n[\/vc_column_text][\/vc_column][\/vc_row]","protected":false},"excerpt":{"rendered":"<p>[vc_row type=&#8221;in_container&#8221; full_screen_row_position=&#8221;middle&#8221; column_margin=&#8221;default&#8221; column_direction=&#8221;default&#8221; column_direction_tablet=&#8221;default&#8221; column_direction_phone=&#8221;default&#8221; scene_position=&#8221;center&#8221; text_color=&#8221;dark&#8221; text_align=&#8221;left&#8221; row_border_radius=&#8221;none&#8221; row_border_radius_applies=&#8221;bg&#8221; overflow=&#8221;visible&#8221; overlay_strength=&#8221;0.3&#8243; gradient_direction=&#8221;left_to_right&#8221; shape_divider_position=&#8221;bottom&#8221; bg_image_animation=&#8221;none&#8221;][vc_column column_padding=&#8221;no-extra-padding&#8221;&#8230;<\/p>\n","protected":false},"author":1,"featured_media":0,"parent":220,"menu_order":5,"comment_status":"closed","ping_status":"closed","template":"","meta":{"footnotes":""},"categories":[],"tags":[],"class_list":["post-339","page","type-page","status-publish"],"aioseo_notices":[],"_links":{"self":[{"href":"https:\/\/www.impatiences.org\/en\/wp-json\/wp\/v2\/pages\/339","targetHints":{"allow":["GET"]}}],"collection":[{"href":"https:\/\/www.impatiences.org\/en\/wp-json\/wp\/v2\/pages"}],"about":[{"href":"https:\/\/www.impatiences.org\/en\/wp-json\/wp\/v2\/types\/page"}],"author":[{"embeddable":true,"href":"https:\/\/www.impatiences.org\/en\/wp-json\/wp\/v2\/users\/1"}],"replies":[{"embeddable":true,"href":"https:\/\/www.impatiences.org\/en\/wp-json\/wp\/v2\/comments?post=339"}],"version-history":[{"count":0,"href":"https:\/\/www.impatiences.org\/en\/wp-json\/wp\/v2\/pages\/339\/revisions"}],"up":[{"embeddable":true,"href":"https:\/\/www.impatiences.org\/en\/wp-json\/wp\/v2\/pages\/220"}],"wp:attachment":[{"href":"https:\/\/www.impatiences.org\/en\/wp-json\/wp\/v2\/media?parent=339"}],"wp:term":[{"taxonomy":"category","embeddable":true,"href":"https:\/\/www.impatiences.org\/en\/wp-json\/wp\/v2\/categories?post=339"},{"taxonomy":"post_tag","embeddable":true,"href":"https:\/\/www.impatiences.org\/en\/wp-json\/wp\/v2\/tags?post=339"}],"curies":[{"name":"wp","href":"https:\/\/api.w.org\/{rel}","templated":true}]}}