{"id":2178,"date":"2023-11-08T22:05:35","date_gmt":"2023-11-08T21:05:35","guid":{"rendered":"https:\/\/www.impatiences.org\/?page_id=2178"},"modified":"2024-09-14T17:37:42","modified_gmt":"2024-09-14T15:37:42","slug":"videos","status":"publish","type":"page","link":"https:\/\/www.impatiences.org\/en\/lecole-des-impatiences-2023\/videos","title":{"rendered":"(Fran\u00e7ais) Archives vid\u00e9os de l&#8217;\u00e9dition 2023"},"content":{"rendered":"<p class=\"qtranxs-available-languages-message qtranxs-available-languages-message-en\">Sorry, this entry is only available in <a href=\"https:\/\/www.impatiences.org\/fr\/wp-json\/wp\/v2\/pages\/2178\" class=\"qtranxs-available-language-link qtranxs-available-language-link-fr\" title=\"Fran\u00e7ais\">Fran\u00e7ais<\/a>.<\/p>","protected":false},"excerpt":{"rendered":"<p>Sorry, this entry is only available in Fran\u00e7ais.<\/p>\n","protected":false},"author":1,"featured_media":0,"parent":1653,"menu_order":0,"comment_status":"closed","ping_status":"closed","template":"","meta":{"footnotes":""},"categories":[],"tags":[],"class_list":["post-2178","page","type-page","status-publish"],"aioseo_notices":[],"_links":{"self":[{"href":"https:\/\/www.impatiences.org\/en\/wp-json\/wp\/v2\/pages\/2178","targetHints":{"allow":["GET"]}}],"collection":[{"href":"https:\/\/www.impatiences.org\/en\/wp-json\/wp\/v2\/pages"}],"about":[{"href":"https:\/\/www.impatiences.org\/en\/wp-json\/wp\/v2\/types\/page"}],"author":[{"embeddable":true,"href":"https:\/\/www.impatiences.org\/en\/wp-json\/wp\/v2\/users\/1"}],"replies":[{"embeddable":true,"href":"https:\/\/www.impatiences.org\/en\/wp-json\/wp\/v2\/comments?post=2178"}],"version-history":[{"count":0,"href":"https:\/\/www.impatiences.org\/en\/wp-json\/wp\/v2\/pages\/2178\/revisions"}],"up":[{"embeddable":true,"href":"https:\/\/www.impatiences.org\/en\/wp-json\/wp\/v2\/pages\/1653"}],"wp:attachment":[{"href":"https:\/\/www.impatiences.org\/en\/wp-json\/wp\/v2\/media?parent=2178"}],"wp:term":[{"taxonomy":"category","embeddable":true,"href":"https:\/\/www.impatiences.org\/en\/wp-json\/wp\/v2\/categories?post=2178"},{"taxonomy":"post_tag","embeddable":true,"href":"https:\/\/www.impatiences.org\/en\/wp-json\/wp\/v2\/tags?post=2178"}],"curies":[{"name":"wp","href":"https:\/\/api.w.org\/{rel}","templated":true}]}}