{"id":1634,"date":"2023-05-25T19:05:00","date_gmt":"2023-05-25T17:05:00","guid":{"rendered":"https:\/\/www.impatiences.org\/?page_id=1634"},"modified":"2023-07-13T12:06:29","modified_gmt":"2023-07-13T10:06:29","slug":"partenaires-thanks","status":"publish","type":"page","link":"https:\/\/www.impatiences.org\/en\/lecole-des-impatiences-2023\/partenaires-thanks","title":{"rendered":"Sponsors &#8211; team &#8211; thanks"},"content":{"rendered":"[vc_row type=&#8221;in_container&#8221; full_screen_row_position=&#8221;middle&#8221; column_margin=&#8221;default&#8221; column_direction=&#8221;default&#8221; column_direction_tablet=&#8221;default&#8221; column_direction_phone=&#8221;default&#8221; scene_position=&#8221;center&#8221; text_color=&#8221;dark&#8221; text_align=&#8221;left&#8221; row_border_radius=&#8221;none&#8221; row_border_radius_applies=&#8221;bg&#8221; overflow=&#8221;visible&#8221; overlay_strength=&#8221;0.3&#8243; gradient_direction=&#8221;left_to_right&#8221; shape_divider_position=&#8221;bottom&#8221; bg_image_animation=&#8221;none&#8221;][vc_column column_padding=&#8221;no-extra-padding&#8221; column_padding_tablet=&#8221;inherit&#8221; column_padding_phone=&#8221;inherit&#8221; column_padding_position=&#8221;all&#8221; column_element_direction_desktop=&#8221;default&#8221; column_element_spacing=&#8221;default&#8221; desktop_text_alignment=&#8221;default&#8221; tablet_text_alignment=&#8221;default&#8221; phone_text_alignment=&#8221;default&#8221; background_color_opacity=&#8221;1&#8243; background_hover_color_opacity=&#8221;1&#8243; column_backdrop_filter=&#8221;none&#8221; column_shadow=&#8221;none&#8221; column_border_radius=&#8221;none&#8221; column_link_target=&#8221;_self&#8221; column_position=&#8221;default&#8221; gradient_direction=&#8221;left_to_right&#8221; overlay_strength=&#8221;0.3&#8243; width=&#8221;1\/1&#8243; tablet_width_inherit=&#8221;default&#8221; animation_type=&#8221;default&#8221; bg_image_animation=&#8221;none&#8221; border_type=&#8221;simple&#8221; column_border_width=&#8221;none&#8221; column_border_style=&#8221;solid&#8221;][nectar_global_section id=&#8221;1357&#8243;][\/vc_column][\/vc_row][vc_row type=&#8221;in_container&#8221; full_screen_row_position=&#8221;middle&#8221; column_margin=&#8221;default&#8221; column_direction=&#8221;default&#8221; column_direction_tablet=&#8221;default&#8221; column_direction_phone=&#8221;default&#8221; scene_position=&#8221;center&#8221; text_color=&#8221;dark&#8221; text_align=&#8221;left&#8221; row_border_radius=&#8221;none&#8221; row_border_radius_applies=&#8221;bg&#8221; overflow=&#8221;visible&#8221; overlay_strength=&#8221;0.3&#8243; gradient_direction=&#8221;left_to_right&#8221; shape_divider_position=&#8221;bottom&#8221; bg_image_animation=&#8221;none&#8221;][vc_column column_padding=&#8221;no-extra-padding&#8221; column_padding_tablet=&#8221;inherit&#8221; column_padding_phone=&#8221;inherit&#8221; column_padding_position=&#8221;all&#8221; column_element_direction_desktop=&#8221;default&#8221; column_element_spacing=&#8221;default&#8221; desktop_text_alignment=&#8221;default&#8221; tablet_text_alignment=&#8221;default&#8221; phone_text_alignment=&#8221;default&#8221; background_color_opacity=&#8221;1&#8243; background_hover_color_opacity=&#8221;1&#8243; column_backdrop_filter=&#8221;none&#8221; column_shadow=&#8221;none&#8221; column_border_radius=&#8221;none&#8221; column_link_target=&#8221;_self&#8221; column_position=&#8221;default&#8221; gradient_direction=&#8221;left_to_right&#8221; overlay_strength=&#8221;0.3&#8243; width=&#8221;1\/1&#8243; tablet_width_inherit=&#8221;default&#8221; animation_type=&#8221;default&#8221; bg_image_animation=&#8221;none&#8221; border_type=&#8221;simple&#8221; column_border_width=&#8221;none&#8221; column_border_style=&#8221;solid&#8221; column_padding_type=&#8221;default&#8221; gradient_type=&#8221;default&#8221; offset=&#8221;vc_hidden-lg&#8221;][nectar_global_section id=&#8221;1717&#8243;][\/vc_column][\/vc_row][vc_row type=&#8221;in_container&#8221; full_screen_row_position=&#8221;middle&#8221; column_margin=&#8221;default&#8221; column_direction=&#8221;default&#8221; column_direction_tablet=&#8221;default&#8221; column_direction_phone=&#8221;default&#8221; scene_position=&#8221;center&#8221; top_padding=&#8221;5%&#8221; constrain_group_1=&#8221;yes&#8221; bottom_padding=&#8221;5%&#8221; left_padding_desktop=&#8221;13%&#8221; constrain_group_2=&#8221;yes&#8221; right_padding_desktop=&#8221;13%&#8221; left_padding_tablet=&#8221;0&#8243; constrain_group_4=&#8221;yes&#8221; right_padding_tablet=&#8221;0&#8243; left_padding_phone=&#8221;0&#8243; constrain_group_6=&#8221;yes&#8221; right_padding_phone=&#8221;0&#8243; text_color=&#8221;dark&#8221; text_align=&#8221;left&#8221; row_border_radius=&#8221;none&#8221; row_border_radius_applies=&#8221;bg&#8221; overflow=&#8221;visible&#8221; overlay_strength=&#8221;0.3&#8243; gradient_direction=&#8221;left_to_right&#8221; shape_divider_position=&#8221;bottom&#8221; bg_image_animation=&#8221;none&#8221; gradient_type=&#8221;default&#8221; shape_type=&#8221;&#8221;][vc_column column_padding=&#8221;no-extra-padding&#8221; column_padding_tablet=&#8221;inherit&#8221; column_padding_phone=&#8221;inherit&#8221; column_padding_position=&#8221;all&#8221; column_element_direction_desktop=&#8221;default&#8221; column_element_spacing=&#8221;default&#8221; desktop_text_alignment=&#8221;default&#8221; tablet_text_alignment=&#8221;default&#8221; phone_text_alignment=&#8221;default&#8221; background_color_opacity=&#8221;1&#8243; background_hover_color_opacity=&#8221;1&#8243; column_backdrop_filter=&#8221;none&#8221; column_shadow=&#8221;none&#8221; column_border_radius=&#8221;none&#8221; column_link_target=&#8221;_self&#8221; column_position=&#8221;default&#8221; gradient_direction=&#8221;left_to_right&#8221; overlay_strength=&#8221;0.3&#8243; width=&#8221;1\/1&#8243; tablet_width_inherit=&#8221;default&#8221; animation_type=&#8221;default&#8221; bg_image_animation=&#8221;none&#8221; border_type=&#8221;simple&#8221; column_border_width=&#8221;none&#8221; column_border_style=&#8221;solid&#8221;][split_line_heading animation_type=&#8221;line-reveal-by-space&#8221; font_style=&#8221;h2&#8243; line_reveal_by_space_text_effect=&#8221;default&#8221; content_alignment=&#8221;center&#8221; mobile_content_alignment=&#8221;inherit&#8221; link_target=&#8221;_self&#8221; text_content=&#8221;Institutional partnerships&#8221;][\/split_line_heading][clients columns=&#8221;4&#8243; hover_effect=&#8221;opacity&#8221; additional_padding=&#8221;3&#8243;][client image=&#8221;452&#8243; url_target=&#8221;_blank&#8221; title=&#8221;Client&#8221; id=&#8221;1687359217623-4&#8243; tab_id=&#8221;1687359217623-1&#8243; name=&#8221;DRAC&#8221;][vc_column_text]Click the edit button to add your testimonial.[\/vc_column_text][\/client][client image=&#8221;859&#8243; url_target=&#8221;_blank&#8221; title=&#8221;Client&#8221; id=&#8221;1687359217629-6&#8243; tab_id=&#8221;1687359217629-7&#8243; name=&#8221;Fondation Michalski&#8221;][vc_column_text]Click the edit button to add your testimonial.[\/vc_column_text][\/client][client image=&#8221;449&#8243; url_target=&#8221;_blank&#8221; title=&#8221;Client&#8221; id=&#8221;1687359217635-9&#8243; tab_id=&#8221;1687359217635-7&#8243; name=&#8221;R\u00e9gion Normandie&#8221;][\/client][client image=&#8221;450&#8243; url_target=&#8221;_blank&#8221; title=&#8221;Client&#8221; id=&#8221;1687359217643-9&#8243; tab_id=&#8221;1687359217643-0&#8243; name=&#8221;Seine-Maritime&#8221;][\/client][client image=&#8221;454&#8243; url_target=&#8221;_blank&#8221; title=&#8221;Client&#8221; id=&#8221;1687359217646-6&#8243; tab_id=&#8221;1687359217646-4&#8243; name=&#8221;Ville de Dieppe&#8221;][\/client][client image=&#8221;1220&#8243; url_target=&#8221;_blank&#8221; title=&#8221;Client&#8221; id=&#8221;1687359217648-2&#8243; tab_id=&#8221;1687359217648-5&#8243; name=&#8221;Mus\u00e9e de Dieppe&#8221;][\/client][client image=&#8221;451&#8243; url_target=&#8221;_blank&#8221; title=&#8221;Client&#8221; id=&#8221;1687359217651-10&#8243; tab_id=&#8221;1687359217651-1&#8243; name=&#8221;DSN&#8221;][\/client][\/clients][divider line_type=&#8221;No Line&#8221;][split_line_heading animation_type=&#8221;line-reveal-by-space&#8221; font_style=&#8221;h3&#8243; line_reveal_by_space_text_effect=&#8221;default&#8221; content_alignment=&#8221;center&#8221; mobile_content_alignment=&#8221;inherit&#8221; link_target=&#8221;_self&#8221; text_content=&#8221;Other partnerships&#8221;][\/split_line_heading][clients columns=&#8221;4&#8243; hover_effect=&#8221;opacity&#8221; additional_padding=&#8221;3&#8243;][client image=&#8221;1635&#8243; url_target=&#8221;_blank&#8221; title=&#8221;Client&#8221; id=&#8221;1687359217672-1&#8243; tab_id=&#8221;1687359217672-7&#8243; name=&#8221;Foyer Duquesne&#8221;][vc_column_text]Click the edit button to add your testimonial.[\/vc_column_text][\/client][client image=&#8221;1636&#8243; url_target=&#8221;_blank&#8221; title=&#8221;Client&#8221; id=&#8221;1687359217677-7&#8243; tab_id=&#8221;1687359217677-5&#8243; name=&#8221;Hotel Aguado&#8221;][vc_column_text]Click the edit button to add your testimonial.[\/vc_column_text][\/client][client image=&#8221;1637&#8243; url_target=&#8221;_blank&#8221; title=&#8221;Client&#8221; id=&#8221;1687359217680-5&#8243; tab_id=&#8221;1687359217680-7&#8243; name=&#8221;Librairie La Grande Ourse&#8221;][\/client][client image=&#8221;1638&#8243; url_target=&#8221;_blank&#8221; title=&#8221;Client&#8221; id=&#8221;1687359217685-6&#8243; tab_id=&#8221;1687359217685-0&#8243; name=&#8221;RN13bis&#8221;][\/client][client image=&#8221;1639&#8243; url_target=&#8221;_blank&#8221; title=&#8221;Client&#8221; id=&#8221;1687359217689-2&#8243; tab_id=&#8221;1687359217689-3&#8243; name=&#8221;Universit\u00e9 Paris VIII&#8221;][\/client][client image=&#8221;1640&#8243; url_target=&#8221;_blank&#8221; title=&#8221;Client&#8221; id=&#8221;1687359217694-0&#8243; tab_id=&#8221;1687359217695-5&#8243; name=&#8221;AIAC&#8221;][\/client][client image=&#8221;1641&#8243; url_target=&#8221;_blank&#8221; title=&#8221;Client&#8221; id=&#8221;1687359217700-0&#8243; tab_id=&#8221;1687359217700-3&#8243; name=&#8221;teamed&#8221;][\/client][client image=&#8221;2146&#8243; url_target=&#8221;_blank&#8221; title=&#8221;Client&#8221; id=&#8221;1687359217706-0&#8243; tab_id=&#8221;1687359217706-0&#8243; name=&#8221;ArtsHebdoM\u00e9dias&#8221;][\/client][client image=&#8221;2145&#8243; url_target=&#8221;_blank&#8221; title=&#8221;Client&#8221; id=&#8221;1687359217711-7&#8243; tab_id=&#8221;1687359217711-8&#8243; name=&#8221;AOC&#8221;][\/client][\/clients][divider line_type=&#8221;No Line&#8221;][vc_column_text]\n<p class=\"p1\">This edition is supported by DRAC Normandie, R\u00e9gion Normandie, D\u00e9partement de la Seine Maritime, Ville de Dieppe, Fondation Jan Michalski, Ch\u00e2teau Mus\u00e9e de Dieppe, D.S.N. &#8211; Dieppe Sc\u00e8ne Nationale.<\/p>\n<p>In partnership with Foyer Duquesne, Hotel Aguado, La Grande Ourse bookshop, RN13bis, Universit\u00e9 Paris VIII (TEAMeD team).<\/p>\n<p>Media partners: <a href=\"https:\/\/aoc.media\/\">AOC media &#8211; Analyse Opinion Critique<\/a>, <a href=\"https:\/\/www.artshebdomedias.com\/\">ArtsHebdoM\u00e9dias<\/a><\/p>\n<p>Several Dieppois structures (D.S.N., Foyer Duquesne, collectif Rotule, le 101, Atelier 13, L&#8217;inattendu, le Jardin des Loups, collectif Marilu, Orph\u00e9on, Le Temps de chanter, La Sauvage, etc.) also took part in a prefiguration day for the festival in November 2022, which helped us to plan this new edition of the festival.[\/vc_column_text][divider line_type=&#8221;No Line&#8221;][divider line_type=&#8221;No Line&#8221;][split_line_heading animation_type=&#8221;line-reveal-by-space&#8221; font_style=&#8221;h3&#8243; line_reveal_by_space_text_effect=&#8221;default&#8221; content_alignment=&#8221;center&#8221; mobile_content_alignment=&#8221;inherit&#8221; link_target=&#8221;_self&#8221; text_content=&#8221;Team &amp; Production&#8221;][\/split_line_heading][vc_column_text]\n<p class=\"p1\"><strong>Artistic direction<\/strong>: Aliocha Imhoff &amp; Kantuta Quir\u00f3s<br \/>\n<strong>Graphic design<\/strong> (poster, flyers, printed brochures): a+b studio (Louise Bourlon-Treguier, Romane Airola)<br \/>\n<strong>Video recording<\/strong> :\u00a0Laurent Gaillardon<br \/>\n<strong>Logistical support<\/strong>: Kourmi Quiros<br \/>\n<strong>Production<\/strong>: Expanding the Poem \/ le peuple qui manque \/ Cyb\u00e8le<\/p>\n[\/vc_column_text][divider line_type=&#8221;No Line&#8221;][split_line_heading animation_type=&#8221;line-reveal-by-space&#8221; font_style=&#8221;h3&#8243; line_reveal_by_space_text_effect=&#8221;default&#8221; content_alignment=&#8221;center&#8221; mobile_content_alignment=&#8221;inherit&#8221; link_target=&#8221;_self&#8221; text_content=&#8221;Thanks&#8221;][\/split_line_heading][vc_column_text]\n<p class=\"p1\">The festival team would like to thank :\u00a0Mairie de Dieppe (Nicolas Langlois, V\u00e9ronique Senecal, Anne-Claire Louis, Christophe Hebert, C\u00e9line Dubuc, Val\u00e9rie Leclerc, Bruno Charles, Alice Dibie, Damien Cordier, Anne Bellouin, Veronique Antoine, Emilie Vallois, Yohann Guerain, Laetitia Legrand, Nathalie Mercier), Mus\u00e9e de Dieppe (Pierre Ickowicz, Anne Le Cl\u00e9siau, Pauline Le Jossic), DRAC de Normandie (J\u00e9r\u00f4me Felin, David Guiffard, Benjamin Vall\u00e9e, Caroline Renault, Sylvie Bouhier, Am\u00e9lie Legrix, Catherine Ledun), la Fondation Jan Michalski (Natalia Granero, Cecilia Galindo), R\u00e9gion Normandie (Pascal Barre, Emmanuelle Tranchido, Marie-Th\u00e9r\u00e8se Kanza-Nyalonda, Svetlana Svetlova, Elodie Lesueur-Bilic), D\u00e9partement de la Seine-Maritime (H\u00e9l\u00e8ne Bisson, C\u00e9lia Bouget), D.S.N. (Philippe Cogney, Gr\u00e9gory Le Perff, Asdis Dan, Marie Drouin, Bergamotte Gilles), Le foyer Duquesne (Alexis Doula Moudoumbou, Gwen Winter, St\u00e9phane Denouette), Alter Natives (Emmanuelle Cadet, Stanley Louis), La Grande Ourse Librairie (Mila Boursier, Vanessa Aud\u00e9on), Hotel Aguado (Christine Hevers, Alain Caillet), Collectif Rotule (Alexandra de Bouhellier, Xavi\u00e8re Fertin, Louis Freres), le Jardin des Loups-Nouvelles Elegances (Cl\u00e9mence Hollemaert, Alexandre Bourard), RN13bis, a+b studio (Louise Bourlon-Treguier, Romane Airola), Laurent Gaillardon, Universit\u00e9 Paris VIII (Catherine de Smet, Soko Phay, Matthieu Saladin, K\u00e9vin Bartoli, l\u2019\u00e9quipe TEAMeD, le laboratoire AIAC), OCN Events (H\u00e9l\u00e8ne, Val\u00e9rie Lourdel), Sebastien Jumel, Communaut\u00e9 d\u2019Agglom\u00e9ration de la R\u00e9gion Dieppoise (Mathilde Deneux, Guy Senecal), Alice Mallet, Philippe Terrier-Hermann, Pauline Bouh\u00e9lier, FRAC Normandie (Vincent Pecoil, Coralie Dupinet, Fanny Jacquinet, Am\u00e9lie Delsart), Atelier 13 (Odile Mauviard), La Sauvage, L\u2019inattendu,<span class=\"Apple-converted-space\">\u00a0 <\/span>Maril\u00f9 Collectif (Margot Tramontana), le 101 (Daphn\u00e9 Mallet), Le temps de chanter, Jess\u00e9 Miceli, Val\u00e9rie Auclair, Emmanuel Buron, C\u00e9line Davenas, C\u00e9line Ruquier Gaudriot, Catherine Goupil, Florent Bussy, Mathieu Lericq, Oxygene (Chrystelle Vereecke), Domaine des Roches (Sylvie Mouquet &amp; Gabriel Breard, Th\u00e9o Darquier), Light Cone (Miguel Armas), Spectre Productions (Olivier Marboeuf), Mendes Wood DM S\u00e3o Paulo (Sofia Pappi), H\u00e9l\u00e8ne Cloitre, Vincent Vives, Julie Perrin, Eric Lecerf, Liliane Daumain, radiooooo.com (Benjamin Moreau), Marie-Claude Boissinot, Marco Antonio Quiros, Mireille Quiros, Kourmi Quiros, Michel Baverey, Manuella Vaney, Pauline Troll\u00e9, Yves Troll\u00e9, Carlos Quintero, Alo\u00efs Andrea Mill\u00e9-Quir\u00f3s, Barthelemy Dary, James No\u00ebl, Pascale Monnin, Anne Sophie Vocanson, Alain Auzou, Sylvie Auzou, Pierre Leduc, Philippe Clochepin, Jacky Maussion, Mathias Dupuis, Val\u00e9rie et Xavier Thierry-Jacquot, Romain Rousseau, Les Informations Dieppoises (Camille Larher), Dieppe tourisme (Laura Vojacek, Charl\u00e8ne Gu\u00e9rout), Anne-Sophie Grou\u00e9 Ruaudel (Paris Normandie), V\u00e9ronique God\u00e9 (Arts Hebdo Media), Marie-Claude Boissineau, Fr\u00e9d\u00e9ric Terrier, Olivier Vadrot, Henri Bony et L\u00e9a Mosconi, Am\u00e9lie Matray, Gwenaelle Buchet, Frank Smith, Alice Fargier, Edduin Gonzalez, les artistes, les intervenant.e.s.<\/p>\n<p>As part of our partnership, Alter Natives would also like to thank the City of Dieppe, and in particular Martin Triquet, Head of the Dieppe Youth Department and his team, Claire Dubois, the Ch\u00e2teau-Mus\u00e9e (Pierre Ickowicz, Curator of the Dieppe Museum, Anne Le Cl\u00e9siau, Curator, Pauline Le Jossic, Deputy Director, Olivier Nidelet, Archives Manager), Dieppe Ville d&#8217;Art et d&#8217;Histoire (C\u00e9cile Charles and Bertrand Edimo) and, for their support, historians Romain Bertrand and Mathieu Provencalle.<\/p>\n[\/vc_column_text][\/vc_column][\/vc_row][vc_row type=&#8221;in_container&#8221; full_screen_row_position=&#8221;middle&#8221; column_margin=&#8221;default&#8221; column_direction=&#8221;default&#8221; column_direction_tablet=&#8221;default&#8221; column_direction_phone=&#8221;default&#8221; scene_position=&#8221;center&#8221; text_color=&#8221;dark&#8221; text_align=&#8221;left&#8221; row_border_radius=&#8221;none&#8221; row_border_radius_applies=&#8221;bg&#8221; sticky_row=&#8221;true&#8221; sticky_row_alignment=&#8221;bottom&#8221; overflow=&#8221;visible&#8221; overlay_strength=&#8221;0.3&#8243; gradient_direction=&#8221;left_to_right&#8221; shape_divider_position=&#8221;bottom&#8221; bg_image_animation=&#8221;none&#8221; gradient_type=&#8221;default&#8221; shape_type=&#8221;&#8221;][vc_column column_padding=&#8221;no-extra-padding&#8221; column_padding_tablet=&#8221;inherit&#8221; column_padding_phone=&#8221;inherit&#8221; column_padding_position=&#8221;all&#8221; column_element_direction_desktop=&#8221;default&#8221; column_element_spacing=&#8221;default&#8221; desktop_text_alignment=&#8221;default&#8221; tablet_text_alignment=&#8221;default&#8221; phone_text_alignment=&#8221;default&#8221; background_color_opacity=&#8221;1&#8243; background_hover_color_opacity=&#8221;1&#8243; column_backdrop_filter=&#8221;none&#8221; column_shadow=&#8221;none&#8221; column_border_radius=&#8221;none&#8221; column_link_target=&#8221;_self&#8221; column_position=&#8221;default&#8221; gradient_direction=&#8221;left_to_right&#8221; overlay_strength=&#8221;0.3&#8243; width=&#8221;1\/1&#8243; tablet_width_inherit=&#8221;default&#8221; animation_type=&#8221;default&#8221; bg_image_animation=&#8221;none&#8221; border_type=&#8221;simple&#8221; column_border_width=&#8221;none&#8221; column_border_style=&#8221;solid&#8221; column_padding_type=&#8221;default&#8221; gradient_type=&#8221;default&#8221; offset=&#8221;vc_hidden-md vc_hidden-sm vc_hidden-xs&#8221;][nectar_global_section id=&#8221;1717&#8243;][\/vc_column][\/vc_row]","protected":false},"excerpt":{"rendered":"<p>[vc_row type=&#8221;in_container&#8221; full_screen_row_position=&#8221;middle&#8221; column_margin=&#8221;default&#8221; column_direction=&#8221;default&#8221; column_direction_tablet=&#8221;default&#8221; column_direction_phone=&#8221;default&#8221; scene_position=&#8221;center&#8221; text_color=&#8221;dark&#8221; text_align=&#8221;left&#8221; row_border_radius=&#8221;none&#8221; row_border_radius_applies=&#8221;bg&#8221; overflow=&#8221;visible&#8221; overlay_strength=&#8221;0.3&#8243; gradient_direction=&#8221;left_to_right&#8221; shape_divider_position=&#8221;bottom&#8221; bg_image_animation=&#8221;none&#8221;][vc_column column_padding=&#8221;no-extra-padding&#8221;&#8230;<\/p>\n","protected":false},"author":1,"featured_media":0,"parent":1653,"menu_order":6,"comment_status":"closed","ping_status":"closed","template":"","meta":{"footnotes":""},"categories":[],"tags":[],"class_list":["post-1634","page","type-page","status-publish"],"aioseo_notices":[],"_links":{"self":[{"href":"https:\/\/www.impatiences.org\/en\/wp-json\/wp\/v2\/pages\/1634","targetHints":{"allow":["GET"]}}],"collection":[{"href":"https:\/\/www.impatiences.org\/en\/wp-json\/wp\/v2\/pages"}],"about":[{"href":"https:\/\/www.impatiences.org\/en\/wp-json\/wp\/v2\/types\/page"}],"author":[{"embeddable":true,"href":"https:\/\/www.impatiences.org\/en\/wp-json\/wp\/v2\/users\/1"}],"replies":[{"embeddable":true,"href":"https:\/\/www.impatiences.org\/en\/wp-json\/wp\/v2\/comments?post=1634"}],"version-history":[{"count":0,"href":"https:\/\/www.impatiences.org\/en\/wp-json\/wp\/v2\/pages\/1634\/revisions"}],"up":[{"embeddable":true,"href":"https:\/\/www.impatiences.org\/en\/wp-json\/wp\/v2\/pages\/1653"}],"wp:attachment":[{"href":"https:\/\/www.impatiences.org\/en\/wp-json\/wp\/v2\/media?parent=1634"}],"wp:term":[{"taxonomy":"category","embeddable":true,"href":"https:\/\/www.impatiences.org\/en\/wp-json\/wp\/v2\/categories?post=1634"},{"taxonomy":"post_tag","embeddable":true,"href":"https:\/\/www.impatiences.org\/en\/wp-json\/wp\/v2\/tags?post=1634"}],"curies":[{"name":"wp","href":"https:\/\/api.w.org\/{rel}","templated":true}]}}